{"id":903,"date":"2025-06-14T13:37:49","date_gmt":"2025-06-14T11:37:49","guid":{"rendered":"https:\/\/startyoursystem.com\/?post_type=product&#038;p=903"},"modified":"2025-07-16T12:34:06","modified_gmt":"2025-07-16T10:34:06","slug":"gbr-gruendung","status":"publish","type":"product","link":"https:\/\/startyoursystem.com\/de\/produkt\/gbr-gruendung\/","title":{"rendered":"GbR Gr\u00fcndung"},"content":{"rendered":"<p data-start=\"285\" data-end=\"379\"><strong data-start=\"285\" data-end=\"308\">GbR Gr\u00fcndungssystem<\/strong><br data-start=\"308\" data-end=\"311\" \/>Gr\u00fcnde deine eigene GbR \u2013 rechtssicher, professionell und mit System<\/p>\n<p data-start=\"381\" data-end=\"588\">Die Gesellschaft b\u00fcrgerlichen Rechts (GbR) ist eine der einfachsten und flexibelsten Unternehmensformen in Deutschland. Doch ohne klare Struktur drohen Haftungsrisiken, Steuerprobleme oder rechtliche Fehler.<\/p>\n<p data-start=\"590\" data-end=\"899\">Dieses System zeigt dir in 6 Modulen Schritt f\u00fcr Schritt, wie du deine GbR korrekt gr\u00fcndest, vertraglich absicherst, buchhalterisch organisierst und rechtskonform in die Praxis umsetzt. Erg\u00e4nzt wird das Hauptsystem durch 11 praxiserprobte Vorlagen zur direkten Anwendung.<\/p>\n<hr data-start=\"901\" data-end=\"904\" \/>\n<p data-start=\"906\" data-end=\"1004\">\u2705 <strong data-start=\"908\" data-end=\"928\">Was du bekommst:<\/strong><br data-start=\"928\" data-end=\"931\" \/>\ud83d\udcd8 <strong data-start=\"934\" data-end=\"960\">Das Hauptsystem :<\/strong><br data-start=\"960\" data-end=\"963\" \/>Ein vollst\u00e4ndiger Leitfaden in 6 Modulen:<\/p>\n<ol data-start=\"1006\" data-end=\"1279\">\n<li data-start=\"1006\" data-end=\"1041\">\n<p data-start=\"1009\" data-end=\"1041\">Einf\u00fchrung \u2013 Was ist eine GbR?<\/p>\n<\/li>\n<li data-start=\"1042\" data-end=\"1080\">\n<p data-start=\"1045\" data-end=\"1080\">GbR gr\u00fcnden \u2013 Schritt f\u00fcr Schritt<\/p>\n<\/li>\n<li data-start=\"1081\" data-end=\"1130\">\n<p data-start=\"1084\" data-end=\"1130\">Gesellschaftsvertrag &amp; rechtliche Grundlagen<\/p>\n<\/li>\n<li data-start=\"1131\" data-end=\"1168\">\n<p data-start=\"1134\" data-end=\"1168\">Buchhaltung &amp; Steuern in der GbR<\/p>\n<\/li>\n<li data-start=\"1169\" data-end=\"1216\">\n<p data-start=\"1172\" data-end=\"1216\">Rechnung, Impressum &amp; rechtssicher handeln<\/p>\n<\/li>\n<li data-start=\"1217\" data-end=\"1279\">\n<p data-start=\"1220\" data-end=\"1279\">GbR im Business einsetzen (E-Commerce, Tools &amp; Plattformen)<\/p>\n<\/li>\n<\/ol>\n<hr data-start=\"1281\" data-end=\"1284\" \/>\n<p data-start=\"1286\" data-end=\"1527\">\ud83e\uddf0 <strong data-start=\"1289\" data-end=\"1343\">Vorlagen &amp; Arbeitshilfen :<\/strong><br data-start=\"1343\" data-end=\"1346\" \/>\u2013 Gesellschaftsvertrag, Gr\u00fcndungscheckliste, Rechnungsvorlage<br data-start=\"1407\" data-end=\"1410\" \/>\u2013 Datenschutz, Widerruf, AGB, Impressum, E\u00dcR-Anleitung<br data-start=\"1464\" data-end=\"1467\" \/>\u2013 Bankvollmacht, Unterschriftenblatt, Kalkulationstabellen<\/p>\n<hr data-start=\"1628\" data-end=\"1631\" \/>\n<p data-start=\"1633\" data-end=\"1821\">\ud83d\udce6 <strong data-start=\"1636\" data-end=\"1662\">Systemumfang &amp; Zugang:<\/strong><br data-start=\"1662\" data-end=\"1665\" \/>\u2013 1x Hauptsystem (PDF, 6 Module)<br data-start=\"1731\" data-end=\"1734\" \/>\u2013 11x Vorlagen als PDF-Dateien<br data-start=\"1764\" data-end=\"1767\" \/>\u2013 \u00a07 Tage g\u00fcltig, bis zu 3 Downloads m\u00f6glich<\/p>\n<hr data-start=\"1823\" data-end=\"1826\" \/>\n<p data-start=\"1828\" data-end=\"2418\">\ud83d\udeab <strong data-start=\"1831\" data-end=\"1855\">Rechtlicher Hinweis:<\/strong><br data-start=\"1855\" data-end=\"1858\" \/>Alle Inhalte dieses Systems sind urheberrechtlich gesch\u00fctzt. Die Weitergabe, Vervielf\u00e4ltigung oder der Verkauf an Dritte ist untersagt.<br data-start=\"1993\" data-end=\"1996\" \/>Zuwiderhandlungen k\u00f6nnen mit Schadensersatzforderungen bis zu 5.000\u202f\u20ac sowie strafrechtlichen Konsequenzen geahndet werden (\u00a7\u202f106 UrhG).<br data-start=\"2131\" data-end=\"2134\" \/>Der Download ist ausschlie\u00dflich f\u00fcr den privaten Gebrauch bestimmt.<br data-start=\"2201\" data-end=\"2204\" \/>Alle rechtlichen Informationen zu diesem System findest du transparent und vollst\u00e4ndig auf der zugeh\u00f6rigen Produktseite. Die Bezeichnung dient der thematischen Einordnung und stellt keine Verbindung zu Dritten dar.<\/p>\n","protected":false},"excerpt":{"rendered":"<p data-start=\"100\" data-end=\"466\"><strong data-start=\"100\" data-end=\"169\">Gr\u00fcnde deine eigene GbR \u2013 einfach, rechtssicher und professionell<\/strong><br data-start=\"169\" data-end=\"172\" \/>Mit dem GbR Gr\u00fcndungssystem lernst du Schritt f\u00fcr Schritt, wie du deine GbR korrekt anmeldest, absicherst und rechtlich einwandfrei in die Praxis umsetzt.<br data-start=\"326\" data-end=\"329\" \/>Ideal f\u00fcr alle, die gemeinsam ein Unternehmen starten wollen \u2013 mit klarer Struktur, gepr\u00fcften Vorlagen und vollst\u00e4ndiger Umsetzungshilfe.<\/p>\n","protected":false},"featured_media":904,"template":"","meta":{"site-sidebar-layout":"default","site-content-layout":"","ast-site-content-layout":"default","site-content-style":"default","site-sidebar-style":"default","ast-global-header-display":"","ast-banner-title-visibility":"","ast-main-header-display":"","ast-hfb-above-header-display":"","ast-hfb-below-header-display":"","ast-hfb-mobile-header-display":"","site-post-title":"","ast-breadcrumbs-content":"","ast-featured-img":"","footer-sml-layout":"","ast-disable-related-posts":"","theme-transparent-header-meta":"default","adv-header-id-meta":"","stick-header-meta":"","header-above-stick-meta":"","header-main-stick-meta":"","header-below-stick-meta":"","astra-migrate-meta-layouts":"set","ast-page-background-enabled":"default","ast-page-background-meta":{"desktop":{"background-color":"var(--ast-global-color-5)","background-image":"","background-repeat":"repeat","background-position":"center center","background-size":"auto","background-attachment":"scroll","background-type":"","background-media":"","overlay-type":"","overlay-color":"","overlay-opacity":"","overlay-gradient":""},"tablet":{"background-color":"","background-image":"","background-repeat":"repeat","background-position":"center center","background-size":"auto","background-attachment":"scroll","background-type":"","background-media":"","overlay-type":"","overlay-color":"","overlay-opacity":"","overlay-gradient":""},"mobile":{"background-color":"","background-image":"","background-repeat":"repeat","background-position":"center center","background-size":"auto","background-attachment":"scroll","background-type":"","background-media":"","overlay-type":"","overlay-color":"","overlay-opacity":"","overlay-gradient":""}},"ast-content-background-meta":{"desktop":{"background-color":"var(--ast-global-color-4)","background-image":"","background-repeat":"repeat","background-position":"center center","background-size":"auto","background-attachment":"scroll","background-type":"","background-media":"","overlay-type":"","overlay-color":"","overlay-opacity":"","overlay-gradient":""},"tablet":{"background-color":"var(--ast-global-color-4)","background-image":"","background-repeat":"repeat","background-position":"center center","background-size":"auto","background-attachment":"scroll","background-type":"","background-media":"","overlay-type":"","overlay-color":"","overlay-opacity":"","overlay-gradient":""},"mobile":{"background-color":"var(--ast-global-color-4)","background-image":"","background-repeat":"repeat","background-position":"center center","background-size":"auto","background-attachment":"scroll","background-type":"","background-media":"","overlay-type":"","overlay-color":"","overlay-opacity":"","overlay-gradient":""}}},"product_brand":[],"product_cat":[29],"product_tag":[],"class_list":{"0":"post-903","1":"product","2":"type-product","3":"status-publish","4":"has-post-thumbnail","6":"product_cat-unternehmensgruendung","7":"desktop-align-center","8":"tablet-align-left","9":"mobile-align-center","11":"first","12":"instock","13":"sale","14":"downloadable","15":"virtual","16":"purchasable","17":"product-type-simple"},"yoast_head":"<!-- This site is optimized with the Yoast SEO plugin v27.2 - https:\/\/yoast.com\/product\/yoast-seo-wordpress\/ -->\n<title>GbR Gr\u00fcndung -<\/title>\n<meta name=\"robots\" content=\"index, follow, max-snippet:-1, max-image-preview:large, max-video-preview:-1\" \/>\n<link rel=\"canonical\" href=\"https:\/\/startyoursystem.com\/de\/produkt\/gbr-gruendung\/\" \/>\n<meta property=\"og:locale\" content=\"de_DE\" \/>\n<meta property=\"og:type\" content=\"article\" \/>\n<meta property=\"og:title\" content=\"GbR Gr\u00fcndung -\" \/>\n<meta property=\"og:description\" content=\"Gr\u00fcnde deine eigene GbR \u2013 einfach, rechtssicher und professionellMit dem GbR Gr\u00fcndungssystem lernst du Schritt f\u00fcr Schritt, wie du deine GbR korrekt anmeldest, absicherst und rechtlich einwandfrei in die Praxis umsetzt.Ideal f\u00fcr alle, die gemeinsam ein Unternehmen starten wollen \u2013 mit klarer Struktur, gepr\u00fcften Vorlagen und vollst\u00e4ndiger Umsetzungshilfe.\" \/>\n<meta property=\"og:url\" content=\"https:\/\/startyoursystem.com\/de\/produkt\/gbr-gruendung\/\" \/>\n<meta property=\"article:modified_time\" content=\"2025-07-16T10:34:06+00:00\" \/>\n<meta property=\"og:image\" content=\"https:\/\/startyoursystem.com\/wp-content\/uploads\/2025\/06\/1-2.png\" \/>\n\t<meta property=\"og:image:width\" content=\"1024\" \/>\n\t<meta property=\"og:image:height\" content=\"1024\" \/>\n\t<meta property=\"og:image:type\" content=\"image\/png\" \/>\n<meta name=\"twitter:card\" content=\"summary_large_image\" \/>\n<meta name=\"twitter:label1\" content=\"Gesch\u00e4tzte Lesezeit\" \/>\n\t<meta name=\"twitter:data1\" content=\"2\u00a0Minuten\" \/>\n<script type=\"application\/ld+json\" class=\"yoast-schema-graph\">{\"@context\":\"https:\/\/schema.org\",\"@graph\":[{\"@type\":\"WebPage\",\"@id\":\"https:\/\/startyoursystem.com\/de\/produkt\/gbr-gruendung\/\",\"url\":\"https:\/\/startyoursystem.com\/de\/produkt\/gbr-gruendung\/\",\"name\":\"GbR Gr\u00fcndung -\",\"isPartOf\":{\"@id\":\"https:\/\/startyoursystem.com\/de\/#website\"},\"primaryImageOfPage\":{\"@id\":\"https:\/\/startyoursystem.com\/de\/produkt\/gbr-gruendung\/#primaryimage\"},\"image\":{\"@id\":\"https:\/\/startyoursystem.com\/de\/produkt\/gbr-gruendung\/#primaryimage\"},\"thumbnailUrl\":\"https:\/\/startyoursystem.com\/wp-content\/uploads\/2025\/06\/1-2.png\",\"datePublished\":\"2025-06-14T11:37:49+00:00\",\"dateModified\":\"2025-07-16T10:34:06+00:00\",\"breadcrumb\":{\"@id\":\"https:\/\/startyoursystem.com\/de\/produkt\/gbr-gruendung\/#breadcrumb\"},\"inLanguage\":\"de\",\"potentialAction\":[{\"@type\":\"ReadAction\",\"target\":[\"https:\/\/startyoursystem.com\/de\/produkt\/gbr-gruendung\/\"]}]},{\"@type\":\"ImageObject\",\"inLanguage\":\"de\",\"@id\":\"https:\/\/startyoursystem.com\/de\/produkt\/gbr-gruendung\/#primaryimage\",\"url\":\"https:\/\/startyoursystem.com\/wp-content\/uploads\/2025\/06\/1-2.png\",\"contentUrl\":\"https:\/\/startyoursystem.com\/wp-content\/uploads\/2025\/06\/1-2.png\",\"width\":1024,\"height\":1024},{\"@type\":\"BreadcrumbList\",\"@id\":\"https:\/\/startyoursystem.com\/de\/produkt\/gbr-gruendung\/#breadcrumb\",\"itemListElement\":[{\"@type\":\"ListItem\",\"position\":1,\"name\":\"Home\",\"item\":\"https:\/\/startyoursystem.com\/de\/\"},{\"@type\":\"ListItem\",\"position\":2,\"name\":\"Shop\",\"item\":\"https:\/\/startyoursystem.com\/de\/shop\/\"},{\"@type\":\"ListItem\",\"position\":3,\"name\":\"GbR Gr\u00fcndung\"}]},{\"@type\":\"WebSite\",\"@id\":\"https:\/\/startyoursystem.com\/de\/#website\",\"url\":\"https:\/\/startyoursystem.com\/de\/\",\"name\":\"\",\"description\":\"\",\"potentialAction\":[{\"@type\":\"SearchAction\",\"target\":{\"@type\":\"EntryPoint\",\"urlTemplate\":\"https:\/\/startyoursystem.com\/de\/?s={search_term_string}\"},\"query-input\":{\"@type\":\"PropertyValueSpecification\",\"valueRequired\":true,\"valueName\":\"search_term_string\"}}],\"inLanguage\":\"de\"}]}<\/script>\n<!-- \/ Yoast SEO plugin. -->","yoast_head_json":{"title":"GbR Gr\u00fcndung -","robots":{"index":"index","follow":"follow","max-snippet":"max-snippet:-1","max-image-preview":"max-image-preview:large","max-video-preview":"max-video-preview:-1"},"canonical":"https:\/\/startyoursystem.com\/de\/produkt\/gbr-gruendung\/","og_locale":"de_DE","og_type":"article","og_title":"GbR Gr\u00fcndung -","og_description":"Gr\u00fcnde deine eigene GbR \u2013 einfach, rechtssicher und professionellMit dem GbR Gr\u00fcndungssystem lernst du Schritt f\u00fcr Schritt, wie du deine GbR korrekt anmeldest, absicherst und rechtlich einwandfrei in die Praxis umsetzt.Ideal f\u00fcr alle, die gemeinsam ein Unternehmen starten wollen \u2013 mit klarer Struktur, gepr\u00fcften Vorlagen und vollst\u00e4ndiger Umsetzungshilfe.","og_url":"https:\/\/startyoursystem.com\/de\/produkt\/gbr-gruendung\/","article_modified_time":"2025-07-16T10:34:06+00:00","og_image":[{"width":1024,"height":1024,"url":"https:\/\/startyoursystem.com\/wp-content\/uploads\/2025\/06\/1-2.png","type":"image\/png"}],"twitter_card":"summary_large_image","twitter_misc":{"Gesch\u00e4tzte Lesezeit":"2\u00a0Minuten"},"schema":{"@context":"https:\/\/schema.org","@graph":[{"@type":"WebPage","@id":"https:\/\/startyoursystem.com\/de\/produkt\/gbr-gruendung\/","url":"https:\/\/startyoursystem.com\/de\/produkt\/gbr-gruendung\/","name":"GbR Gr\u00fcndung -","isPartOf":{"@id":"https:\/\/startyoursystem.com\/de\/#website"},"primaryImageOfPage":{"@id":"https:\/\/startyoursystem.com\/de\/produkt\/gbr-gruendung\/#primaryimage"},"image":{"@id":"https:\/\/startyoursystem.com\/de\/produkt\/gbr-gruendung\/#primaryimage"},"thumbnailUrl":"https:\/\/startyoursystem.com\/wp-content\/uploads\/2025\/06\/1-2.png","datePublished":"2025-06-14T11:37:49+00:00","dateModified":"2025-07-16T10:34:06+00:00","breadcrumb":{"@id":"https:\/\/startyoursystem.com\/de\/produkt\/gbr-gruendung\/#breadcrumb"},"inLanguage":"de","potentialAction":[{"@type":"ReadAction","target":["https:\/\/startyoursystem.com\/de\/produkt\/gbr-gruendung\/"]}]},{"@type":"ImageObject","inLanguage":"de","@id":"https:\/\/startyoursystem.com\/de\/produkt\/gbr-gruendung\/#primaryimage","url":"https:\/\/startyoursystem.com\/wp-content\/uploads\/2025\/06\/1-2.png","contentUrl":"https:\/\/startyoursystem.com\/wp-content\/uploads\/2025\/06\/1-2.png","width":1024,"height":1024},{"@type":"BreadcrumbList","@id":"https:\/\/startyoursystem.com\/de\/produkt\/gbr-gruendung\/#breadcrumb","itemListElement":[{"@type":"ListItem","position":1,"name":"Home","item":"https:\/\/startyoursystem.com\/de\/"},{"@type":"ListItem","position":2,"name":"Shop","item":"https:\/\/startyoursystem.com\/de\/shop\/"},{"@type":"ListItem","position":3,"name":"GbR Gr\u00fcndung"}]},{"@type":"WebSite","@id":"https:\/\/startyoursystem.com\/de\/#website","url":"https:\/\/startyoursystem.com\/de\/","name":"","description":"","potentialAction":[{"@type":"SearchAction","target":{"@type":"EntryPoint","urlTemplate":"https:\/\/startyoursystem.com\/de\/?s={search_term_string}"},"query-input":{"@type":"PropertyValueSpecification","valueRequired":true,"valueName":"search_term_string"}}],"inLanguage":"de"}]}},"_links":{"self":[{"href":"https:\/\/startyoursystem.com\/de\/wp-json\/wp\/v2\/product\/903","targetHints":{"allow":["GET"]}}],"collection":[{"href":"https:\/\/startyoursystem.com\/de\/wp-json\/wp\/v2\/product"}],"about":[{"href":"https:\/\/startyoursystem.com\/de\/wp-json\/wp\/v2\/types\/product"}],"wp:featuredmedia":[{"embeddable":true,"href":"https:\/\/startyoursystem.com\/de\/wp-json\/wp\/v2\/media\/904"}],"wp:attachment":[{"href":"https:\/\/startyoursystem.com\/de\/wp-json\/wp\/v2\/media?parent=903"}],"wp:term":[{"taxonomy":"product_brand","embeddable":true,"href":"https:\/\/startyoursystem.com\/de\/wp-json\/wp\/v2\/product_brand?post=903"},{"taxonomy":"product_cat","embeddable":true,"href":"https:\/\/startyoursystem.com\/de\/wp-json\/wp\/v2\/product_cat?post=903"},{"taxonomy":"product_tag","embeddable":true,"href":"https:\/\/startyoursystem.com\/de\/wp-json\/wp\/v2\/product_tag?post=903"}],"curies":[{"name":"wp","href":"https:\/\/api.w.org\/{rel}","templated":true}]}}