{"id":1232,"date":"2025-06-19T14:16:27","date_gmt":"2025-06-19T12:16:27","guid":{"rendered":"https:\/\/startyoursystem.com\/?post_type=product&#038;p=1232"},"modified":"2025-07-16T10:57:04","modified_gmt":"2025-07-16T08:57:04","slug":"einzelunternehmen-gruenden","status":"publish","type":"product","link":"https:\/\/startyoursystem.com\/de\/produkt\/einzelunternehmen-gruenden\/","title":{"rendered":"Einzelunternehmen gr\u00fcnden"},"content":{"rendered":"<p data-start=\"282\" data-end=\"382\"><strong data-start=\"282\" data-end=\"310\">Einzelunternehmen gr\u00fcnden<\/strong><br data-start=\"310\" data-end=\"313\" \/>Gr\u00fcnde dein eigenes Business \u2013 rechtssicher, schnell und mit Struktur<\/p>\n<p data-start=\"384\" data-end=\"592\">Ein Einzelunternehmen ist die schnellste und unkomplizierteste Form der Selbstst\u00e4ndigkeit in Deutschland. Doch auch hier ist es entscheidend, alle rechtlichen und organisatorischen Schritte sauber umzusetzen.<\/p>\n<p data-start=\"594\" data-end=\"913\">Dieses System f\u00fchrt dich in 5 Modulen durch alle relevanten Bereiche \u2013 von der Anmeldung \u00fcber die Gestaltung deiner Rechnungen bis hin zur Datenschutzerkl\u00e4rung und einem klaren Branding. Du erh\u00e4ltst zus\u00e4tzlich 6 vollst\u00e4ndig vorbereitete Vorlagen, die du direkt verwenden und anpassen kannst.<\/p>\n<hr data-start=\"915\" data-end=\"918\" \/>\n<p data-start=\"920\" data-end=\"1018\">\u2705 <strong data-start=\"922\" data-end=\"942\">Was du bekommst:<\/strong><br data-start=\"942\" data-end=\"945\" \/>\ud83d\udcd8 <strong data-start=\"948\" data-end=\"974\">Das Hauptsystem :<\/strong><br data-start=\"974\" data-end=\"977\" \/>Ein vollst\u00e4ndiger Leitfaden in 5 Modulen:<\/p>\n<ol data-start=\"1020\" data-end=\"1214\">\n<li data-start=\"1020\" data-end=\"1055\">\n<p data-start=\"1023\" data-end=\"1055\">Grundlagen und Voraussetzungen<\/p>\n<\/li>\n<li data-start=\"1056\" data-end=\"1090\">\n<p data-start=\"1059\" data-end=\"1090\">Anmeldung und Beh\u00f6rdenkontakt<\/p>\n<\/li>\n<li data-start=\"1091\" data-end=\"1125\">\n<p data-start=\"1094\" data-end=\"1125\">Rechnungsstellung und Steuern<\/p>\n<\/li>\n<li data-start=\"1126\" data-end=\"1172\">\n<p data-start=\"1129\" data-end=\"1172\">Rechtliches (Impressum, Datenschutz, AGB)<\/p>\n<\/li>\n<li data-start=\"1173\" data-end=\"1214\">\n<p data-start=\"1176\" data-end=\"1214\">Branding, Auftritt und Praxisbeispiele<\/p>\n<\/li>\n<\/ol>\n<hr data-start=\"1216\" data-end=\"1219\" \/>\n<p data-start=\"1221\" data-end=\"1469\">\ud83e\uddf0 <strong data-start=\"1224\" data-end=\"1278\">Vorlagen &amp; Arbeitshilfen :<\/strong><br data-start=\"1278\" data-end=\"1281\" \/>\u2013 Checkliste zur Gr\u00fcndung, Rechnungs- und Impressumsvorlage<br data-start=\"1340\" data-end=\"1343\" \/>\u2013 Datenschutzerkl\u00e4rung, Branding-Set, Beispiel Gewerbeanmeldung<br data-start=\"1406\" data-end=\"1409\" \/>\u2013 Toolliste zur rechtssicheren und professionellen Umsetzung<\/p>\n<hr data-start=\"1471\" data-end=\"1474\" \/>\n<p data-start=\"1476\" data-end=\"1662\">\ud83d\udce6 <strong data-start=\"1479\" data-end=\"1505\">Systemumfang &amp; Zugang:<\/strong><br data-start=\"1505\" data-end=\"1508\" \/>\u2013 1x Hauptsystem PDF, 5 Module<br data-start=\"1573\" data-end=\"1576\" \/>\u2013 6x Vorlagen als PDF-Dateien<br data-start=\"1605\" data-end=\"1608\" \/>&#8211; 7 Tage g\u00fcltig, bis zu 3 Downloads m\u00f6glich<\/p>\n<hr data-start=\"1664\" data-end=\"1667\" \/>\n<p data-start=\"1669\" data-end=\"2259\">\ud83d\udeab <strong data-start=\"1672\" data-end=\"1696\">Rechtlicher Hinweis:<\/strong><br data-start=\"1696\" data-end=\"1699\" \/>Alle Inhalte dieses Systems sind urheberrechtlich gesch\u00fctzt. Die Weitergabe, Vervielf\u00e4ltigung oder der Verkauf an Dritte ist untersagt.<br data-start=\"1834\" data-end=\"1837\" \/>Zuwiderhandlungen k\u00f6nnen mit Schadensersatzforderungen bis zu 5.000\u202f\u20ac sowie strafrechtlichen Konsequenzen geahndet werden (\u00a7\u202f106 UrhG).<br data-start=\"1972\" data-end=\"1975\" \/>Der Download ist ausschlie\u00dflich f\u00fcr den privaten Gebrauch bestimmt.<br data-start=\"2042\" data-end=\"2045\" \/>Alle rechtlichen Informationen zu diesem System findest du transparent und vollst\u00e4ndig auf der zugeh\u00f6rigen Produktseite. Die Bezeichnung dient der thematischen Einordnung und stellt keine Verbindung zu Dritten dar.<\/p>\n","protected":false},"excerpt":{"rendered":"<p data-start=\"149\" data-end=\"531\"><strong data-start=\"149\" data-end=\"221\">Gr\u00fcnde dein Einzelunternehmen \u2013 schnell, rechtssicher und mit System<\/strong><br data-start=\"221\" data-end=\"224\" \/>Mit dem Einzelunternehmen System lernst du Schritt f\u00fcr Schritt, wie du deine Selbstst\u00e4ndigkeit korrekt anmeldest, rechtlich absicherst und professionell auftrittst.<br data-start=\"388\" data-end=\"391\" \/>Ideal f\u00fcr alle, die unkompliziert und ohne Umwege ein eigenes Business starten wollen \u2013 mit Klarheit, Struktur und praxiserprobten Vorlagen.<\/p>\n","protected":false},"featured_media":1339,"template":"","meta":{"site-sidebar-layout":"default","site-content-layout":"","ast-site-content-layout":"default","site-content-style":"default","site-sidebar-style":"default","ast-global-header-display":"","ast-banner-title-visibility":"","ast-main-header-display":"","ast-hfb-above-header-display":"","ast-hfb-below-header-display":"","ast-hfb-mobile-header-display":"","site-post-title":"","ast-breadcrumbs-content":"","ast-featured-img":"","footer-sml-layout":"","ast-disable-related-posts":"","theme-transparent-header-meta":"default","adv-header-id-meta":"","stick-header-meta":"","header-above-stick-meta":"","header-main-stick-meta":"","header-below-stick-meta":"","astra-migrate-meta-layouts":"set","ast-page-background-enabled":"default","ast-page-background-meta":{"desktop":{"background-color":"var(--ast-global-color-5)","background-image":"","background-repeat":"repeat","background-position":"center center","background-size":"auto","background-attachment":"scroll","background-type":"","background-media":"","overlay-type":"","overlay-color":"","overlay-opacity":"","overlay-gradient":""},"tablet":{"background-color":"","background-image":"","background-repeat":"repeat","background-position":"center center","background-size":"auto","background-attachment":"scroll","background-type":"","background-media":"","overlay-type":"","overlay-color":"","overlay-opacity":"","overlay-gradient":""},"mobile":{"background-color":"","background-image":"","background-repeat":"repeat","background-position":"center center","background-size":"auto","background-attachment":"scroll","background-type":"","background-media":"","overlay-type":"","overlay-color":"","overlay-opacity":"","overlay-gradient":""}},"ast-content-background-meta":{"desktop":{"background-color":"var(--ast-global-color-4)","background-image":"","background-repeat":"repeat","background-position":"center center","background-size":"auto","background-attachment":"scroll","background-type":"","background-media":"","overlay-type":"","overlay-color":"","overlay-opacity":"","overlay-gradient":""},"tablet":{"background-color":"var(--ast-global-color-4)","background-image":"","background-repeat":"repeat","background-position":"center center","background-size":"auto","background-attachment":"scroll","background-type":"","background-media":"","overlay-type":"","overlay-color":"","overlay-opacity":"","overlay-gradient":""},"mobile":{"background-color":"var(--ast-global-color-4)","background-image":"","background-repeat":"repeat","background-position":"center center","background-size":"auto","background-attachment":"scroll","background-type":"","background-media":"","overlay-type":"","overlay-color":"","overlay-opacity":"","overlay-gradient":""}}},"product_brand":[],"product_cat":[29],"product_tag":[],"class_list":{"0":"post-1232","1":"product","2":"type-product","3":"status-publish","4":"has-post-thumbnail","6":"product_cat-unternehmensgruendung","7":"desktop-align-center","8":"tablet-align-left","9":"mobile-align-center","11":"first","12":"instock","13":"sale","14":"downloadable","15":"virtual","16":"purchasable","17":"product-type-simple"},"yoast_head":"<!-- This site is optimized with the Yoast SEO plugin v27.2 - https:\/\/yoast.com\/product\/yoast-seo-wordpress\/ -->\n<title>Einzelunternehmen gr\u00fcnden -<\/title>\n<meta name=\"robots\" content=\"index, follow, max-snippet:-1, max-image-preview:large, max-video-preview:-1\" \/>\n<link rel=\"canonical\" href=\"https:\/\/startyoursystem.com\/de\/produkt\/einzelunternehmen-gruenden\/\" \/>\n<meta property=\"og:locale\" content=\"de_DE\" \/>\n<meta property=\"og:type\" content=\"article\" \/>\n<meta property=\"og:title\" content=\"Einzelunternehmen gr\u00fcnden -\" \/>\n<meta property=\"og:description\" content=\"Gr\u00fcnde dein Einzelunternehmen \u2013 schnell, rechtssicher und mit SystemMit dem Einzelunternehmen System lernst du Schritt f\u00fcr Schritt, wie du deine Selbstst\u00e4ndigkeit korrekt anmeldest, rechtlich absicherst und professionell auftrittst.Ideal f\u00fcr alle, die unkompliziert und ohne Umwege ein eigenes Business starten wollen \u2013 mit Klarheit, Struktur und praxiserprobten Vorlagen.\" \/>\n<meta property=\"og:url\" content=\"https:\/\/startyoursystem.com\/de\/produkt\/einzelunternehmen-gruenden\/\" \/>\n<meta property=\"article:modified_time\" content=\"2025-07-16T08:57:04+00:00\" \/>\n<meta property=\"og:image\" content=\"https:\/\/startyoursystem.com\/wp-content\/uploads\/2025\/06\/df560f52-e312-4020-b4f4-d1e1410837d2.png\" \/>\n\t<meta property=\"og:image:width\" content=\"1024\" \/>\n\t<meta property=\"og:image:height\" content=\"1024\" \/>\n\t<meta property=\"og:image:type\" content=\"image\/png\" \/>\n<meta name=\"twitter:card\" content=\"summary_large_image\" \/>\n<meta name=\"twitter:label1\" content=\"Gesch\u00e4tzte Lesezeit\" \/>\n\t<meta name=\"twitter:data1\" content=\"2\u00a0Minuten\" \/>\n<script type=\"application\/ld+json\" class=\"yoast-schema-graph\">{\"@context\":\"https:\/\/schema.org\",\"@graph\":[{\"@type\":\"WebPage\",\"@id\":\"https:\/\/startyoursystem.com\/de\/produkt\/einzelunternehmen-gruenden\/\",\"url\":\"https:\/\/startyoursystem.com\/de\/produkt\/einzelunternehmen-gruenden\/\",\"name\":\"Einzelunternehmen gr\u00fcnden -\",\"isPartOf\":{\"@id\":\"https:\/\/startyoursystem.com\/de\/#website\"},\"primaryImageOfPage\":{\"@id\":\"https:\/\/startyoursystem.com\/de\/produkt\/einzelunternehmen-gruenden\/#primaryimage\"},\"image\":{\"@id\":\"https:\/\/startyoursystem.com\/de\/produkt\/einzelunternehmen-gruenden\/#primaryimage\"},\"thumbnailUrl\":\"https:\/\/startyoursystem.com\/wp-content\/uploads\/2025\/06\/df560f52-e312-4020-b4f4-d1e1410837d2.png\",\"datePublished\":\"2025-06-19T12:16:27+00:00\",\"dateModified\":\"2025-07-16T08:57:04+00:00\",\"breadcrumb\":{\"@id\":\"https:\/\/startyoursystem.com\/de\/produkt\/einzelunternehmen-gruenden\/#breadcrumb\"},\"inLanguage\":\"de\",\"potentialAction\":[{\"@type\":\"ReadAction\",\"target\":[\"https:\/\/startyoursystem.com\/de\/produkt\/einzelunternehmen-gruenden\/\"]}]},{\"@type\":\"ImageObject\",\"inLanguage\":\"de\",\"@id\":\"https:\/\/startyoursystem.com\/de\/produkt\/einzelunternehmen-gruenden\/#primaryimage\",\"url\":\"https:\/\/startyoursystem.com\/wp-content\/uploads\/2025\/06\/df560f52-e312-4020-b4f4-d1e1410837d2.png\",\"contentUrl\":\"https:\/\/startyoursystem.com\/wp-content\/uploads\/2025\/06\/df560f52-e312-4020-b4f4-d1e1410837d2.png\",\"width\":1024,\"height\":1024},{\"@type\":\"BreadcrumbList\",\"@id\":\"https:\/\/startyoursystem.com\/de\/produkt\/einzelunternehmen-gruenden\/#breadcrumb\",\"itemListElement\":[{\"@type\":\"ListItem\",\"position\":1,\"name\":\"Home\",\"item\":\"https:\/\/startyoursystem.com\/de\/\"},{\"@type\":\"ListItem\",\"position\":2,\"name\":\"Shop\",\"item\":\"https:\/\/startyoursystem.com\/de\/shop\/\"},{\"@type\":\"ListItem\",\"position\":3,\"name\":\"Einzelunternehmen gr\u00fcnden\"}]},{\"@type\":\"WebSite\",\"@id\":\"https:\/\/startyoursystem.com\/de\/#website\",\"url\":\"https:\/\/startyoursystem.com\/de\/\",\"name\":\"\",\"description\":\"\",\"potentialAction\":[{\"@type\":\"SearchAction\",\"target\":{\"@type\":\"EntryPoint\",\"urlTemplate\":\"https:\/\/startyoursystem.com\/de\/?s={search_term_string}\"},\"query-input\":{\"@type\":\"PropertyValueSpecification\",\"valueRequired\":true,\"valueName\":\"search_term_string\"}}],\"inLanguage\":\"de\"}]}<\/script>\n<!-- \/ Yoast SEO plugin. -->","yoast_head_json":{"title":"Einzelunternehmen gr\u00fcnden -","robots":{"index":"index","follow":"follow","max-snippet":"max-snippet:-1","max-image-preview":"max-image-preview:large","max-video-preview":"max-video-preview:-1"},"canonical":"https:\/\/startyoursystem.com\/de\/produkt\/einzelunternehmen-gruenden\/","og_locale":"de_DE","og_type":"article","og_title":"Einzelunternehmen gr\u00fcnden -","og_description":"Gr\u00fcnde dein Einzelunternehmen \u2013 schnell, rechtssicher und mit SystemMit dem Einzelunternehmen System lernst du Schritt f\u00fcr Schritt, wie du deine Selbstst\u00e4ndigkeit korrekt anmeldest, rechtlich absicherst und professionell auftrittst.Ideal f\u00fcr alle, die unkompliziert und ohne Umwege ein eigenes Business starten wollen \u2013 mit Klarheit, Struktur und praxiserprobten Vorlagen.","og_url":"https:\/\/startyoursystem.com\/de\/produkt\/einzelunternehmen-gruenden\/","article_modified_time":"2025-07-16T08:57:04+00:00","og_image":[{"width":1024,"height":1024,"url":"https:\/\/startyoursystem.com\/wp-content\/uploads\/2025\/06\/df560f52-e312-4020-b4f4-d1e1410837d2.png","type":"image\/png"}],"twitter_card":"summary_large_image","twitter_misc":{"Gesch\u00e4tzte Lesezeit":"2\u00a0Minuten"},"schema":{"@context":"https:\/\/schema.org","@graph":[{"@type":"WebPage","@id":"https:\/\/startyoursystem.com\/de\/produkt\/einzelunternehmen-gruenden\/","url":"https:\/\/startyoursystem.com\/de\/produkt\/einzelunternehmen-gruenden\/","name":"Einzelunternehmen gr\u00fcnden -","isPartOf":{"@id":"https:\/\/startyoursystem.com\/de\/#website"},"primaryImageOfPage":{"@id":"https:\/\/startyoursystem.com\/de\/produkt\/einzelunternehmen-gruenden\/#primaryimage"},"image":{"@id":"https:\/\/startyoursystem.com\/de\/produkt\/einzelunternehmen-gruenden\/#primaryimage"},"thumbnailUrl":"https:\/\/startyoursystem.com\/wp-content\/uploads\/2025\/06\/df560f52-e312-4020-b4f4-d1e1410837d2.png","datePublished":"2025-06-19T12:16:27+00:00","dateModified":"2025-07-16T08:57:04+00:00","breadcrumb":{"@id":"https:\/\/startyoursystem.com\/de\/produkt\/einzelunternehmen-gruenden\/#breadcrumb"},"inLanguage":"de","potentialAction":[{"@type":"ReadAction","target":["https:\/\/startyoursystem.com\/de\/produkt\/einzelunternehmen-gruenden\/"]}]},{"@type":"ImageObject","inLanguage":"de","@id":"https:\/\/startyoursystem.com\/de\/produkt\/einzelunternehmen-gruenden\/#primaryimage","url":"https:\/\/startyoursystem.com\/wp-content\/uploads\/2025\/06\/df560f52-e312-4020-b4f4-d1e1410837d2.png","contentUrl":"https:\/\/startyoursystem.com\/wp-content\/uploads\/2025\/06\/df560f52-e312-4020-b4f4-d1e1410837d2.png","width":1024,"height":1024},{"@type":"BreadcrumbList","@id":"https:\/\/startyoursystem.com\/de\/produkt\/einzelunternehmen-gruenden\/#breadcrumb","itemListElement":[{"@type":"ListItem","position":1,"name":"Home","item":"https:\/\/startyoursystem.com\/de\/"},{"@type":"ListItem","position":2,"name":"Shop","item":"https:\/\/startyoursystem.com\/de\/shop\/"},{"@type":"ListItem","position":3,"name":"Einzelunternehmen gr\u00fcnden"}]},{"@type":"WebSite","@id":"https:\/\/startyoursystem.com\/de\/#website","url":"https:\/\/startyoursystem.com\/de\/","name":"","description":"","potentialAction":[{"@type":"SearchAction","target":{"@type":"EntryPoint","urlTemplate":"https:\/\/startyoursystem.com\/de\/?s={search_term_string}"},"query-input":{"@type":"PropertyValueSpecification","valueRequired":true,"valueName":"search_term_string"}}],"inLanguage":"de"}]}},"_links":{"self":[{"href":"https:\/\/startyoursystem.com\/de\/wp-json\/wp\/v2\/product\/1232","targetHints":{"allow":["GET"]}}],"collection":[{"href":"https:\/\/startyoursystem.com\/de\/wp-json\/wp\/v2\/product"}],"about":[{"href":"https:\/\/startyoursystem.com\/de\/wp-json\/wp\/v2\/types\/product"}],"wp:featuredmedia":[{"embeddable":true,"href":"https:\/\/startyoursystem.com\/de\/wp-json\/wp\/v2\/media\/1339"}],"wp:attachment":[{"href":"https:\/\/startyoursystem.com\/de\/wp-json\/wp\/v2\/media?parent=1232"}],"wp:term":[{"taxonomy":"product_brand","embeddable":true,"href":"https:\/\/startyoursystem.com\/de\/wp-json\/wp\/v2\/product_brand?post=1232"},{"taxonomy":"product_cat","embeddable":true,"href":"https:\/\/startyoursystem.com\/de\/wp-json\/wp\/v2\/product_cat?post=1232"},{"taxonomy":"product_tag","embeddable":true,"href":"https:\/\/startyoursystem.com\/de\/wp-json\/wp\/v2\/product_tag?post=1232"}],"curies":[{"name":"wp","href":"https:\/\/api.w.org\/{rel}","templated":true}]}}