{"id":1182,"date":"2025-06-19T11:05:37","date_gmt":"2025-06-19T09:05:37","guid":{"rendered":"https:\/\/startyoursystem.com\/?post_type=product&#038;p=1182"},"modified":"2025-07-16T13:24:53","modified_gmt":"2025-07-16T11:24:53","slug":"faceless-ai-content","status":"publish","type":"product","link":"https:\/\/startyoursystem.com\/de\/produkt\/faceless-ai-content\/","title":{"rendered":"Faceless AI Content"},"content":{"rendered":"<p data-start=\"173\" data-end=\"309\"><strong data-start=\"173\" data-end=\"203\">Faceless AI Content System<\/strong><br data-start=\"203\" data-end=\"206\" \/><strong data-start=\"206\" data-end=\"309\">Baue eine skalierbare Content-Marke auf TikTok \u2013 anonym, automatisiert, mit k\u00fcnstlicher Intelligenz<\/strong><\/p>\n<p data-start=\"311\" data-end=\"551\">Gesichtslose Inhalte z\u00e4hlen zu den st\u00e4rksten Content-Trends auf TikTok, YouTube Shorts und Instagram Reels. Sie erm\u00f6glichen es, vollst\u00e4ndig anonym Reichweite, Einfluss und digitale Einnahmen aufzubauen, ohne selbst vor der Kamera zu stehen.<\/p>\n<p data-start=\"553\" data-end=\"926\">Dieses System bietet dir eine strukturierte Komplettl\u00f6sung, mit der du mithilfe moderner KI-Tools virale Inhalte erstellst, systematisch verbreitest und automatisiert monetarisierst. Ideal f\u00fcr Creator, Agenturen, Sidehustler und digitale Unternehmer, die ein skalierbares Modell aufbauen m\u00f6chten \u2013 anonym und im Hintergrund mit maximalem Hebel durch k\u00fcnstliche Intelligenz.<\/p>\n<hr data-start=\"928\" data-end=\"931\" \/>\n<p data-start=\"933\" data-end=\"1082\">\u2705 <strong data-start=\"935\" data-end=\"954\">Was du bekommst<\/strong><br data-start=\"954\" data-end=\"957\" \/>\ud83d\udcd8 <strong data-start=\"960\" data-end=\"990\">Das Hauptsystem (Struktur)<\/strong><br data-start=\"990\" data-end=\"993\" \/>Ein professionelles, praxisorientiertes System mit zehn aufeinander abgestimmten Modulen:<\/p>\n<ul data-start=\"1084\" data-end=\"1584\">\n<li data-start=\"1084\" data-end=\"1143\">\n<p data-start=\"1086\" data-end=\"1143\">Einf\u00fchrung in die Welt gesichtsloser Content-Strategien<\/p>\n<\/li>\n<li data-start=\"1144\" data-end=\"1198\">\n<p data-start=\"1146\" data-end=\"1198\">Automatisierter Workflow f\u00fcr die Inhaltserstellung<\/p>\n<\/li>\n<li data-start=\"1199\" data-end=\"1232\">\n<p data-start=\"1201\" data-end=\"1232\">Skripterstellung mit KI-Tools<\/p>\n<\/li>\n<li data-start=\"1233\" data-end=\"1278\">\n<p data-start=\"1235\" data-end=\"1278\">Tool-Auswahl f\u00fcr Audio, Video und Schnitt<\/p>\n<\/li>\n<li data-start=\"1279\" data-end=\"1328\">\n<p data-start=\"1281\" data-end=\"1328\">TikTok als Plattform f\u00fcr Reichweite verstehen<\/p>\n<\/li>\n<li data-start=\"1329\" data-end=\"1376\">\n<p data-start=\"1331\" data-end=\"1376\">Produktverlinkung und Affiliate-Integration<\/p>\n<\/li>\n<li data-start=\"1377\" data-end=\"1427\">\n<p data-start=\"1379\" data-end=\"1427\">Performanceanalyse und Algorithmus-Verst\u00e4ndnis<\/p>\n<\/li>\n<li data-start=\"1428\" data-end=\"1478\">\n<p data-start=\"1430\" data-end=\"1478\">Redaktionsplan und langfristige Contentplanung<\/p>\n<\/li>\n<li data-start=\"1479\" data-end=\"1527\">\n<p data-start=\"1481\" data-end=\"1527\">Gestaltung von Thumbnails f\u00fcr virale Wirkung<\/p>\n<\/li>\n<li data-start=\"1528\" data-end=\"1584\">\n<p data-start=\"1530\" data-end=\"1584\">Hook-Formeln, Calls-to-Actions und Storytelling-Funnel<\/p>\n<\/li>\n<\/ul>\n<p data-start=\"1586\" data-end=\"1716\">Alle Inhalte sind klar gegliedert, auf Praxis ausgerichtet und sofort umsetzbar \u2013 ideal f\u00fcr die automatisierte Content-Produktion.<\/p>\n<hr data-start=\"1718\" data-end=\"1721\" \/>\n<p data-start=\"1723\" data-end=\"1853\">\ud83e\uddf0 <strong data-start=\"1726\" data-end=\"1775\">Bonus: 15 direkt einsetzbare System-Toolboxen<\/strong><br data-start=\"1775\" data-end=\"1778\" \/>Vorlagen, Frameworks, Checklisten und Textbausteine :<\/p>\n<ul data-start=\"1855\" data-end=\"2088\">\n<li data-start=\"1855\" data-end=\"1897\">\n<p data-start=\"1857\" data-end=\"1897\">Tools zur Video- und Redaktionsplanung<\/p>\n<\/li>\n<li data-start=\"1898\" data-end=\"1940\">\n<p data-start=\"1900\" data-end=\"1940\">Formulierungshilfen f\u00fcr Hooks und CTAs<\/p>\n<\/li>\n<li data-start=\"1941\" data-end=\"1974\">\n<p data-start=\"1943\" data-end=\"1974\">Canva-Vorlagen f\u00fcr Thumbnails<\/p>\n<\/li>\n<li data-start=\"1975\" data-end=\"2035\">\n<p data-start=\"1977\" data-end=\"2035\">Ver\u00f6ffentlichungsvorlagen, KPI-Spickzettel, Contentpl\u00e4ne<\/p>\n<\/li>\n<li data-start=\"2036\" data-end=\"2088\">\n<p data-start=\"2038\" data-end=\"2088\">Strukturierte Arbeitsdokumente f\u00fcr deinen Workflow<\/p>\n<\/li>\n<\/ul>\n<hr data-start=\"2090\" data-end=\"2093\" \/>\n<p data-start=\"2095\" data-end=\"2195\">\ud83d\udce6 <strong data-start=\"2098\" data-end=\"2121\">Lieferung &amp; Nutzung<\/strong><br data-start=\"2121\" data-end=\"2124\" \/>Nach dem Kauf steht dir das gesamte System zur Verf\u00fcgung:<\/p>\n<ul data-start=\"2197\" data-end=\"2280\">\n<li data-start=\"2197\" data-end=\"2232\">\n<p data-start=\"2199\" data-end=\"2232\">1x Hauptsystem mit zehn Modulen<\/p>\n<\/li>\n<li data-start=\"2233\" data-end=\"2280\">\n<p data-start=\"2235\" data-end=\"2280\">15x Toolbox-Dateien<\/p>\n<\/li>\n<\/ul>\n<p data-start=\"2282\" data-end=\"2416\">Der Download ist f\u00fcr sieben Tage freigeschaltet und kann bis zu drei Mal durchgef\u00fchrt werden. Bitte sichere deine Inhalte rechtzeitig.<\/p>\n<hr data-start=\"2418\" data-end=\"2421\" \/>\n<p data-start=\"2423\" data-end=\"2725\">\ud83d\udeab <strong data-start=\"2426\" data-end=\"2449\">Rechtlicher Hinweis<\/strong><br data-start=\"2449\" data-end=\"2452\" \/>Alle Inhalte dieses Systems sind urheberrechtlich gesch\u00fctzt. Die Weitergabe, Vervielf\u00e4ltigung oder der Verkauf an Dritte ist untersagt. Zuwiderhandlungen k\u00f6nnen mit Schadensersatzforderungen bis zu 5.000\u202f\u20ac sowie strafrechtlichen Konsequenzen geahndet werden (\u00a7\u202f106 UrhG).<\/p>\n<p data-start=\"2727\" data-end=\"2881\">Der Download ist ausschlie\u00dflich f\u00fcr den privaten Gebrauch bestimmt. Alle rechtlichen Informationen findest du transparent auf der jeweiligen Produktseite.<\/p>\n","protected":false},"excerpt":{"rendered":"<p>Das komplette System, um virale TikTok-Videos mit KI zu erstellen \u2013 ohne Kamera, ohne Gesicht, mit maximalem Skalierungspotenzial. Ideal f\u00fcr Creator, Sidehustler &amp; Agenturen.<\/p>\n","protected":false},"featured_media":615,"template":"","meta":{"site-sidebar-layout":"default","site-content-layout":"","ast-site-content-layout":"default","site-content-style":"default","site-sidebar-style":"default","ast-global-header-display":"","ast-banner-title-visibility":"","ast-main-header-display":"","ast-hfb-above-header-display":"","ast-hfb-below-header-display":"","ast-hfb-mobile-header-display":"","site-post-title":"","ast-breadcrumbs-content":"","ast-featured-img":"","footer-sml-layout":"","ast-disable-related-posts":"","theme-transparent-header-meta":"default","adv-header-id-meta":"","stick-header-meta":"","header-above-stick-meta":"","header-main-stick-meta":"","header-below-stick-meta":"","astra-migrate-meta-layouts":"set","ast-page-background-enabled":"default","ast-page-background-meta":{"desktop":{"background-color":"var(--ast-global-color-5)","background-image":"","background-repeat":"repeat","background-position":"center center","background-size":"auto","background-attachment":"scroll","background-type":"","background-media":"","overlay-type":"","overlay-color":"","overlay-opacity":"","overlay-gradient":""},"tablet":{"background-color":"","background-image":"","background-repeat":"repeat","background-position":"center center","background-size":"auto","background-attachment":"scroll","background-type":"","background-media":"","overlay-type":"","overlay-color":"","overlay-opacity":"","overlay-gradient":""},"mobile":{"background-color":"","background-image":"","background-repeat":"repeat","background-position":"center center","background-size":"auto","background-attachment":"scroll","background-type":"","background-media":"","overlay-type":"","overlay-color":"","overlay-opacity":"","overlay-gradient":""}},"ast-content-background-meta":{"desktop":{"background-color":"var(--ast-global-color-4)","background-image":"","background-repeat":"repeat","background-position":"center center","background-size":"auto","background-attachment":"scroll","background-type":"","background-media":"","overlay-type":"","overlay-color":"","overlay-opacity":"","overlay-gradient":""},"tablet":{"background-color":"var(--ast-global-color-4)","background-image":"","background-repeat":"repeat","background-position":"center center","background-size":"auto","background-attachment":"scroll","background-type":"","background-media":"","overlay-type":"","overlay-color":"","overlay-opacity":"","overlay-gradient":""},"mobile":{"background-color":"var(--ast-global-color-4)","background-image":"","background-repeat":"repeat","background-position":"center center","background-size":"auto","background-attachment":"scroll","background-type":"","background-media":"","overlay-type":"","overlay-color":"","overlay-opacity":"","overlay-gradient":""}}},"product_brand":[],"product_cat":[38,37],"product_tag":[],"class_list":{"0":"post-1182","1":"product","2":"type-product","3":"status-publish","4":"has-post-thumbnail","6":"product_cat-creator-social-media-systeme","7":"product_cat-ki-tools","8":"desktop-align-center","9":"tablet-align-left","10":"mobile-align-center","12":"first","13":"instock","14":"sale","15":"downloadable","16":"virtual","17":"purchasable","18":"product-type-simple"},"yoast_head":"<!-- This site is optimized with the Yoast SEO plugin v27.2 - https:\/\/yoast.com\/product\/yoast-seo-wordpress\/ -->\n<title>Faceless AI Content -<\/title>\n<meta name=\"robots\" content=\"index, follow, max-snippet:-1, max-image-preview:large, max-video-preview:-1\" \/>\n<link rel=\"canonical\" href=\"https:\/\/startyoursystem.com\/de\/produkt\/faceless-ai-content\/\" \/>\n<meta property=\"og:locale\" content=\"de_DE\" \/>\n<meta property=\"og:type\" content=\"article\" \/>\n<meta property=\"og:title\" content=\"Faceless AI Content -\" \/>\n<meta property=\"og:description\" content=\"Das komplette System, um virale TikTok-Videos mit KI zu erstellen \u2013 ohne Kamera, ohne Gesicht, mit maximalem Skalierungspotenzial. Ideal f\u00fcr Creator, Sidehustler &amp; Agenturen.\" \/>\n<meta property=\"og:url\" content=\"https:\/\/startyoursystem.com\/de\/produkt\/faceless-ai-content\/\" \/>\n<meta property=\"article:modified_time\" content=\"2025-07-16T11:24:53+00:00\" \/>\n<meta property=\"og:image\" content=\"https:\/\/startyoursystem.com\/wp-content\/uploads\/2025\/06\/cd1791cd-36f4-490f-ba54-7cca7b00000a-1.png\" \/>\n\t<meta property=\"og:image:width\" content=\"1024\" \/>\n\t<meta property=\"og:image:height\" content=\"1024\" \/>\n\t<meta property=\"og:image:type\" content=\"image\/png\" \/>\n<meta name=\"twitter:card\" content=\"summary_large_image\" \/>\n<meta name=\"twitter:label1\" content=\"Gesch\u00e4tzte Lesezeit\" \/>\n\t<meta name=\"twitter:data1\" content=\"2\u00a0Minuten\" \/>\n<script type=\"application\/ld+json\" class=\"yoast-schema-graph\">{\"@context\":\"https:\/\/schema.org\",\"@graph\":[{\"@type\":\"WebPage\",\"@id\":\"https:\/\/startyoursystem.com\/de\/produkt\/faceless-ai-content\/\",\"url\":\"https:\/\/startyoursystem.com\/de\/produkt\/faceless-ai-content\/\",\"name\":\"Faceless AI Content -\",\"isPartOf\":{\"@id\":\"https:\/\/startyoursystem.com\/de\/#website\"},\"primaryImageOfPage\":{\"@id\":\"https:\/\/startyoursystem.com\/de\/produkt\/faceless-ai-content\/#primaryimage\"},\"image\":{\"@id\":\"https:\/\/startyoursystem.com\/de\/produkt\/faceless-ai-content\/#primaryimage\"},\"thumbnailUrl\":\"https:\/\/startyoursystem.com\/wp-content\/uploads\/2025\/06\/cd1791cd-36f4-490f-ba54-7cca7b00000a-1.png\",\"datePublished\":\"2025-06-19T09:05:37+00:00\",\"dateModified\":\"2025-07-16T11:24:53+00:00\",\"breadcrumb\":{\"@id\":\"https:\/\/startyoursystem.com\/de\/produkt\/faceless-ai-content\/#breadcrumb\"},\"inLanguage\":\"de\",\"potentialAction\":[{\"@type\":\"ReadAction\",\"target\":[\"https:\/\/startyoursystem.com\/de\/produkt\/faceless-ai-content\/\"]}]},{\"@type\":\"ImageObject\",\"inLanguage\":\"de\",\"@id\":\"https:\/\/startyoursystem.com\/de\/produkt\/faceless-ai-content\/#primaryimage\",\"url\":\"https:\/\/startyoursystem.com\/wp-content\/uploads\/2025\/06\/cd1791cd-36f4-490f-ba54-7cca7b00000a-1.png\",\"contentUrl\":\"https:\/\/startyoursystem.com\/wp-content\/uploads\/2025\/06\/cd1791cd-36f4-490f-ba54-7cca7b00000a-1.png\",\"width\":1024,\"height\":1024},{\"@type\":\"BreadcrumbList\",\"@id\":\"https:\/\/startyoursystem.com\/de\/produkt\/faceless-ai-content\/#breadcrumb\",\"itemListElement\":[{\"@type\":\"ListItem\",\"position\":1,\"name\":\"Home\",\"item\":\"https:\/\/startyoursystem.com\/de\/\"},{\"@type\":\"ListItem\",\"position\":2,\"name\":\"Shop\",\"item\":\"https:\/\/startyoursystem.com\/de\/shop\/\"},{\"@type\":\"ListItem\",\"position\":3,\"name\":\"Faceless AI Content\"}]},{\"@type\":\"WebSite\",\"@id\":\"https:\/\/startyoursystem.com\/de\/#website\",\"url\":\"https:\/\/startyoursystem.com\/de\/\",\"name\":\"\",\"description\":\"\",\"potentialAction\":[{\"@type\":\"SearchAction\",\"target\":{\"@type\":\"EntryPoint\",\"urlTemplate\":\"https:\/\/startyoursystem.com\/de\/?s={search_term_string}\"},\"query-input\":{\"@type\":\"PropertyValueSpecification\",\"valueRequired\":true,\"valueName\":\"search_term_string\"}}],\"inLanguage\":\"de\"}]}<\/script>\n<!-- \/ Yoast SEO plugin. -->","yoast_head_json":{"title":"Faceless AI Content -","robots":{"index":"index","follow":"follow","max-snippet":"max-snippet:-1","max-image-preview":"max-image-preview:large","max-video-preview":"max-video-preview:-1"},"canonical":"https:\/\/startyoursystem.com\/de\/produkt\/faceless-ai-content\/","og_locale":"de_DE","og_type":"article","og_title":"Faceless AI Content -","og_description":"Das komplette System, um virale TikTok-Videos mit KI zu erstellen \u2013 ohne Kamera, ohne Gesicht, mit maximalem Skalierungspotenzial. Ideal f\u00fcr Creator, Sidehustler &amp; Agenturen.","og_url":"https:\/\/startyoursystem.com\/de\/produkt\/faceless-ai-content\/","article_modified_time":"2025-07-16T11:24:53+00:00","og_image":[{"width":1024,"height":1024,"url":"https:\/\/startyoursystem.com\/wp-content\/uploads\/2025\/06\/cd1791cd-36f4-490f-ba54-7cca7b00000a-1.png","type":"image\/png"}],"twitter_card":"summary_large_image","twitter_misc":{"Gesch\u00e4tzte Lesezeit":"2\u00a0Minuten"},"schema":{"@context":"https:\/\/schema.org","@graph":[{"@type":"WebPage","@id":"https:\/\/startyoursystem.com\/de\/produkt\/faceless-ai-content\/","url":"https:\/\/startyoursystem.com\/de\/produkt\/faceless-ai-content\/","name":"Faceless AI Content -","isPartOf":{"@id":"https:\/\/startyoursystem.com\/de\/#website"},"primaryImageOfPage":{"@id":"https:\/\/startyoursystem.com\/de\/produkt\/faceless-ai-content\/#primaryimage"},"image":{"@id":"https:\/\/startyoursystem.com\/de\/produkt\/faceless-ai-content\/#primaryimage"},"thumbnailUrl":"https:\/\/startyoursystem.com\/wp-content\/uploads\/2025\/06\/cd1791cd-36f4-490f-ba54-7cca7b00000a-1.png","datePublished":"2025-06-19T09:05:37+00:00","dateModified":"2025-07-16T11:24:53+00:00","breadcrumb":{"@id":"https:\/\/startyoursystem.com\/de\/produkt\/faceless-ai-content\/#breadcrumb"},"inLanguage":"de","potentialAction":[{"@type":"ReadAction","target":["https:\/\/startyoursystem.com\/de\/produkt\/faceless-ai-content\/"]}]},{"@type":"ImageObject","inLanguage":"de","@id":"https:\/\/startyoursystem.com\/de\/produkt\/faceless-ai-content\/#primaryimage","url":"https:\/\/startyoursystem.com\/wp-content\/uploads\/2025\/06\/cd1791cd-36f4-490f-ba54-7cca7b00000a-1.png","contentUrl":"https:\/\/startyoursystem.com\/wp-content\/uploads\/2025\/06\/cd1791cd-36f4-490f-ba54-7cca7b00000a-1.png","width":1024,"height":1024},{"@type":"BreadcrumbList","@id":"https:\/\/startyoursystem.com\/de\/produkt\/faceless-ai-content\/#breadcrumb","itemListElement":[{"@type":"ListItem","position":1,"name":"Home","item":"https:\/\/startyoursystem.com\/de\/"},{"@type":"ListItem","position":2,"name":"Shop","item":"https:\/\/startyoursystem.com\/de\/shop\/"},{"@type":"ListItem","position":3,"name":"Faceless AI Content"}]},{"@type":"WebSite","@id":"https:\/\/startyoursystem.com\/de\/#website","url":"https:\/\/startyoursystem.com\/de\/","name":"","description":"","potentialAction":[{"@type":"SearchAction","target":{"@type":"EntryPoint","urlTemplate":"https:\/\/startyoursystem.com\/de\/?s={search_term_string}"},"query-input":{"@type":"PropertyValueSpecification","valueRequired":true,"valueName":"search_term_string"}}],"inLanguage":"de"}]}},"_links":{"self":[{"href":"https:\/\/startyoursystem.com\/de\/wp-json\/wp\/v2\/product\/1182","targetHints":{"allow":["GET"]}}],"collection":[{"href":"https:\/\/startyoursystem.com\/de\/wp-json\/wp\/v2\/product"}],"about":[{"href":"https:\/\/startyoursystem.com\/de\/wp-json\/wp\/v2\/types\/product"}],"wp:featuredmedia":[{"embeddable":true,"href":"https:\/\/startyoursystem.com\/de\/wp-json\/wp\/v2\/media\/615"}],"wp:attachment":[{"href":"https:\/\/startyoursystem.com\/de\/wp-json\/wp\/v2\/media?parent=1182"}],"wp:term":[{"taxonomy":"product_brand","embeddable":true,"href":"https:\/\/startyoursystem.com\/de\/wp-json\/wp\/v2\/product_brand?post=1182"},{"taxonomy":"product_cat","embeddable":true,"href":"https:\/\/startyoursystem.com\/de\/wp-json\/wp\/v2\/product_cat?post=1182"},{"taxonomy":"product_tag","embeddable":true,"href":"https:\/\/startyoursystem.com\/de\/wp-json\/wp\/v2\/product_tag?post=1182"}],"curies":[{"name":"wp","href":"https:\/\/api.w.org\/{rel}","templated":true}]}}