{"id":575,"date":"2025-06-10T14:45:06","date_gmt":"2025-06-10T12:45:06","guid":{"rendered":"https:\/\/startyoursystem.com\/ruecktrittserklaerung\/"},"modified":"2025-07-16T17:06:35","modified_gmt":"2025-07-16T15:06:35","slug":"ruecktrittserklaerung","status":"publish","type":"page","link":"https:\/\/startyoursystem.com\/de\/ruecktrittserklaerung\/","title":{"rendered":"R\u00fccktrittserkl\u00e4rung"},"content":{"rendered":"\t\t<div data-elementor-type=\"wp-page\" data-elementor-id=\"575\" class=\"elementor elementor-575 elementor-437\" data-elementor-post-type=\"page\">\n\t\t\t\t<div class=\"elementor-element elementor-element-3039801 e-flex e-con-boxed e-con e-parent\" data-id=\"3039801\" data-element_type=\"container\" data-e-type=\"container\" data-settings=\"{&quot;background_background&quot;:&quot;gradient&quot;}\">\n\t\t\t\t\t<div class=\"e-con-inner\">\n\t\t\t\t<div class=\"elementor-element elementor-element-819ad65 elementor-widget elementor-widget-heading\" data-id=\"819ad65\" data-element_type=\"widget\" data-e-type=\"widget\" data-widget_type=\"heading.default\">\n\t\t\t\t<div class=\"elementor-widget-container\">\n\t\t\t\t\t<h2 class=\"elementor-heading-title elementor-size-default\">R\u00fccktrittserkl\u00e4rung<\/h2>\t\t\t\t<\/div>\n\t\t\t\t<\/div>\n\t\t\t\t\t<\/div>\n\t\t\t\t<\/div>\n\t\t<div class=\"elementor-element elementor-element-0a2990e e-flex e-con-boxed e-con e-parent\" data-id=\"0a2990e\" data-element_type=\"container\" data-e-type=\"container\" data-settings=\"{&quot;background_background&quot;:&quot;gradient&quot;}\">\n\t\t\t\t\t<div class=\"e-con-inner\">\n\t\t<div class=\"elementor-element elementor-element-fdf7a8c e-con-full e-flex e-con e-child\" data-id=\"fdf7a8c\" data-element_type=\"container\" data-e-type=\"container\">\n\t\t\t\t<div class=\"elementor-element elementor-element-cda778b elementor-widget elementor-widget-heading\" data-id=\"cda778b\" data-element_type=\"widget\" data-e-type=\"widget\" data-widget_type=\"heading.default\">\n\t\t\t\t<div class=\"elementor-widget-container\">\n\t\t\t\t\t<h3 class=\"elementor-heading-title elementor-size-default\">1. Widerrufsrecht f\u00fcr digitale Produkte<\/h3>\t\t\t\t<\/div>\n\t\t\t\t<\/div>\n\t\t<div class=\"elementor-element elementor-element-c1f75a3 e-con-full e-flex e-con e-child\" data-id=\"c1f75a3\" data-element_type=\"container\" data-e-type=\"container\">\n\t\t\t\t<div class=\"elementor-element elementor-element-cfc0f50 elementor-widget elementor-widget-text-editor\" data-id=\"cfc0f50\" data-element_type=\"widget\" data-e-type=\"widget\" data-widget_type=\"text-editor.default\">\n\t\t\t\t<div class=\"elementor-widget-container\">\n\t\t\t\t\t\t\t\t\t<h4 data-start=\"898\" data-end=\"947\">\u00a0<\/h4><p data-start=\"949\" data-end=\"999\"><strong data-start=\"949\" data-end=\"999\">Kein Widerrufsrecht nach Beginn der Ausf\u00fchrung<\/strong><\/p><p data-start=\"1001\" data-end=\"1490\">Unsere Angebote richten sich ausschlie\u00dflich an Verbraucher, die digitale Produkte erwerben. Gem\u00e4\u00df \u00a7 356 Abs. 5 BGB erlischt Ihr Widerrufsrecht f\u00fcr digitale Inhalte vorzeitig, sobald wir mit der Ausf\u00fchrung des Vertrags begonnen haben, nachdem Sie ausdr\u00fccklich zugestimmt haben, dass wir vor Ablauf der Widerrufsfrist mit der Ausf\u00fchrung des Vertrags beginnen und Sie Ihre Kenntnis davon best\u00e4tigt haben, dass Sie durch diese Zustimmung mit Beginn der Ausf\u00fchrung Ihr Widerrufsrecht verlieren.<\/p><p data-start=\"1492\" data-end=\"1584\">Vor Abschluss Ihrer Bestellung holen wir diese ausdr\u00fcckliche Zustimmung und Best\u00e4tigung ein.<\/p><p data-start=\"1586\" data-end=\"1651\"><strong data-start=\"1586\" data-end=\"1651\">Kontakt f\u00fcr Widerrufserkl\u00e4rungen vor Ausf\u00fchrung des Vertrags:<\/strong><\/p><p data-start=\"1653\" data-end=\"1755\">Tiziano Russillo<br data-start=\"1669\" data-end=\"1672\" \/>Attilastra\u00dfe 87e<br data-start=\"1688\" data-end=\"1691\" \/>12247 Berlin<br data-start=\"1703\" data-end=\"1706\" \/>Deutschland<br data-start=\"1717\" data-end=\"1720\" \/>E-Mail: <a class=\"cursor-pointer\" rel=\"noopener\" data-start=\"1728\" data-end=\"1755\">support@startyoursystem.com<\/a><\/p>\t\t\t\t\t\t\t\t<\/div>\n\t\t\t\t<\/div>\n\t\t\t\t<\/div>\n\t\t\t\t<\/div>\n\t\t<div class=\"elementor-element elementor-element-48c1d8d e-con-full e-flex e-con e-child\" data-id=\"48c1d8d\" data-element_type=\"container\" data-e-type=\"container\">\n\t\t<div class=\"elementor-element elementor-element-681d1de e-con-full e-flex e-con e-child\" data-id=\"681d1de\" data-element_type=\"container\" data-e-type=\"container\">\n\t\t<div class=\"elementor-element elementor-element-2b99aa5 e-con-full e-flex e-con e-child\" data-id=\"2b99aa5\" data-element_type=\"container\" data-e-type=\"container\">\n\t\t<div class=\"elementor-element elementor-element-96cd6f6 e-con-full e-flex e-con e-child\" data-id=\"96cd6f6\" data-element_type=\"container\" data-e-type=\"container\">\n\t\t<div class=\"elementor-element elementor-element-8dc2cee e-con-full e-flex e-con e-child\" data-id=\"8dc2cee\" data-element_type=\"container\" data-e-type=\"container\">\n\t\t\t\t<div class=\"elementor-element elementor-element-efa4e4c elementor-widget elementor-widget-heading\" data-id=\"efa4e4c\" data-element_type=\"widget\" data-e-type=\"widget\" data-widget_type=\"heading.default\">\n\t\t\t\t<div class=\"elementor-widget-container\">\n\t\t\t\t\t<h3 class=\"elementor-heading-title elementor-size-default\">2. Muster-Widerrufsformular\n<\/h3>\t\t\t\t<\/div>\n\t\t\t\t<\/div>\n\t\t\t\t<div class=\"elementor-element elementor-element-4e0df07 elementor-widget elementor-widget-text-editor\" data-id=\"4e0df07\" data-element_type=\"widget\" data-e-type=\"widget\" data-widget_type=\"text-editor.default\">\n\t\t\t\t<div class=\"elementor-widget-container\">\n\t\t\t\t\t\t\t\t\t<p>An: Tiziano Russillo<br \/>Attilastra\u00dfe 87e <br \/>12247 Berlin <br \/>Deutschland <br \/>E-Mail: support@startyoursystem.com<\/p><p>Hiermit widerrufe ich den geschlossenen Vertrag \u00fcber den Kauf des folgenden digitalen Produkts:<\/p><p>Produkt: [Produktname einf\u00fcgen] <br \/>Bestellt am: [date] <br \/>Name des Verbrauchers: [Ihr vollst\u00e4ndiger Name] <br \/>Adresse: [Ihre Adresse] <br \/>Unterschrift (nur bei Einreichung per Post) <br \/>Datum<\/p>\t\t\t\t\t\t\t\t<\/div>\n\t\t\t\t<\/div>\n\t\t<div class=\"elementor-element elementor-element-53ce72c e-con-full e-flex e-con e-child\" data-id=\"53ce72c\" data-element_type=\"container\" data-e-type=\"container\">\n\t\t\t\t<div class=\"elementor-element elementor-element-80ef84c elementor-widget elementor-widget-heading\" data-id=\"80ef84c\" data-element_type=\"widget\" data-e-type=\"widget\" data-widget_type=\"heading.default\">\n\t\t\t\t<div class=\"elementor-widget-container\">\n\t\t\t\t\t<h3 class=\"elementor-heading-title elementor-size-default\">3. Kontakt\n<\/h3>\t\t\t\t<\/div>\n\t\t\t\t<\/div>\n\t\t\t\t<div class=\"elementor-element elementor-element-8dca14b elementor-widget elementor-widget-text-editor\" data-id=\"8dca14b\" data-element_type=\"widget\" data-e-type=\"widget\" data-widget_type=\"text-editor.default\">\n\t\t\t\t<div class=\"elementor-widget-container\">\n\t\t\t\t\t\t\t\t\t<p data-start=\"2901\" data-end=\"2966\">Wenn Sie Fragen zu Ihrem Widerrufsrecht haben, wenden Sie sich bitte an:<\/p><p data-start=\"2968\" data-end=\"3050\"><strong data-start=\"2968\" data-end=\"2983\">Tiziano Russillo<\/strong><br data-start=\"2983\" data-end=\"2986\">Attilastra\u00dfe 87e<br data-start=\"3002\" data-end=\"3005\">12247 Berlin, Deutschland<br data-start=\"3026\" data-end=\"3029\">E-Mail: <a class=\"cursor-pointer\" rel=\"noopener\" data-start=\"3036\" data-end=\"3050\">info@travos.de<\/a><\/p>\t\t\t\t\t\t\t\t<\/div>\n\t\t\t\t<\/div>\n\t\t\t\t<\/div>\n\t\t\t\t<\/div>\n\t\t\t\t<\/div>\n\t\t\t\t<\/div>\n\t\t\t\t<\/div>\n\t\t\t\t<\/div>\n\t\t\t\t\t<\/div>\n\t\t\t\t<\/div>\n\t\t\t\t<\/div>\n\t\t","protected":false},"excerpt":{"rendered":"<p>R\u00fccktrittserkl\u00e4rung 1. Widerrufsrecht f\u00fcr digitale Produkte \u00a0 Kein Widerrufsrecht nach Beginn der Ausf\u00fchrung Unsere Angebote richten sich ausschlie\u00dflich an Verbraucher, [&hellip;]<\/p>\n","protected":false},"author":1,"featured_media":0,"parent":0,"menu_order":0,"comment_status":"closed","ping_status":"closed","template":"","meta":{"site-sidebar-layout":"no-sidebar","site-content-layout":"","ast-site-content-layout":"full-width-container","site-content-style":"default","site-sidebar-style":"default","ast-global-header-display":"","ast-banner-title-visibility":"","ast-main-header-display":"","ast-hfb-above-header-display":"","ast-hfb-below-header-display":"","ast-hfb-mobile-header-display":"","site-post-title":"disabled","ast-breadcrumbs-content":"","ast-featured-img":"disabled","footer-sml-layout":"","ast-disable-related-posts":"","theme-transparent-header-meta":"","adv-header-id-meta":"","stick-header-meta":"","header-above-stick-meta":"","header-main-stick-meta":"","header-below-stick-meta":"","astra-migrate-meta-layouts":"default","ast-page-background-enabled":"default","ast-page-background-meta":{"desktop":{"background-color":"var(--ast-global-color-5)","background-image":"","background-repeat":"repeat","background-position":"center center","background-size":"auto","background-attachment":"scroll","background-type":"","background-media":"","overlay-type":"","overlay-color":"","overlay-opacity":"","overlay-gradient":""},"tablet":{"background-color":"","background-image":"","background-repeat":"repeat","background-position":"center center","background-size":"auto","background-attachment":"scroll","background-type":"","background-media":"","overlay-type":"","overlay-color":"","overlay-opacity":"","overlay-gradient":""},"mobile":{"background-color":"","background-image":"","background-repeat":"repeat","background-position":"center center","background-size":"auto","background-attachment":"scroll","background-type":"","background-media":"","overlay-type":"","overlay-color":"","overlay-opacity":"","overlay-gradient":""}},"ast-content-background-meta":{"desktop":{"background-color":"var(--ast-global-color-4)","background-image":"","background-repeat":"repeat","background-position":"center center","background-size":"auto","background-attachment":"scroll","background-type":"","background-media":"","overlay-type":"","overlay-color":"","overlay-opacity":"","overlay-gradient":""},"tablet":{"background-color":"var(--ast-global-color-4)","background-image":"","background-repeat":"repeat","background-position":"center center","background-size":"auto","background-attachment":"scroll","background-type":"","background-media":"","overlay-type":"","overlay-color":"","overlay-opacity":"","overlay-gradient":""},"mobile":{"background-color":"var(--ast-global-color-4)","background-image":"","background-repeat":"repeat","background-position":"center center","background-size":"auto","background-attachment":"scroll","background-type":"","background-media":"","overlay-type":"","overlay-color":"","overlay-opacity":"","overlay-gradient":""}},"footnotes":""},"class_list":["post-575","page","type-page","status-publish","hentry"],"yoast_head":"<!-- This site is optimized with the Yoast SEO plugin v27.2 - https:\/\/yoast.com\/product\/yoast-seo-wordpress\/ -->\n<title>R\u00fccktrittserkl\u00e4rung<\/title>\n<meta name=\"robots\" content=\"index, follow, max-snippet:-1, max-image-preview:large, max-video-preview:-1\" \/>\n<link rel=\"canonical\" href=\"https:\/\/startyoursystem.com\/de\/ruecktrittserklaerung\/\" \/>\n<meta property=\"og:locale\" content=\"de_DE\" \/>\n<meta property=\"og:type\" content=\"article\" \/>\n<meta property=\"og:title\" content=\"R\u00fccktrittserkl\u00e4rung\" \/>\n<meta property=\"og:description\" content=\"R\u00fccktrittserkl\u00e4rung 1. Widerrufsrecht f\u00fcr digitale Produkte \u00a0 Kein Widerrufsrecht nach Beginn der Ausf\u00fchrung Unsere Angebote richten sich ausschlie\u00dflich an Verbraucher, [&hellip;]\" \/>\n<meta property=\"og:url\" content=\"https:\/\/startyoursystem.com\/de\/ruecktrittserklaerung\/\" \/>\n<meta property=\"article:modified_time\" content=\"2025-07-16T15:06:35+00:00\" \/>\n<meta name=\"twitter:card\" content=\"summary_large_image\" \/>\n<meta name=\"twitter:label1\" content=\"Gesch\u00e4tzte Lesezeit\" \/>\n\t<meta name=\"twitter:data1\" content=\"1\u00a0Minute\" \/>\n<script type=\"application\/ld+json\" class=\"yoast-schema-graph\">{\"@context\":\"https:\/\/schema.org\",\"@graph\":[{\"@type\":\"WebPage\",\"@id\":\"https:\/\/startyoursystem.com\/de\/ruecktrittserklaerung\/\",\"url\":\"https:\/\/startyoursystem.com\/de\/ruecktrittserklaerung\/\",\"name\":\"R\u00fccktrittserkl\u00e4rung\",\"isPartOf\":{\"@id\":\"https:\/\/startyoursystem.com\/de\/#website\"},\"datePublished\":\"2025-06-10T12:45:06+00:00\",\"dateModified\":\"2025-07-16T15:06:35+00:00\",\"breadcrumb\":{\"@id\":\"https:\/\/startyoursystem.com\/de\/ruecktrittserklaerung\/#breadcrumb\"},\"inLanguage\":\"de\",\"potentialAction\":[{\"@type\":\"ReadAction\",\"target\":[\"https:\/\/startyoursystem.com\/de\/ruecktrittserklaerung\/\"]}]},{\"@type\":\"BreadcrumbList\",\"@id\":\"https:\/\/startyoursystem.com\/de\/ruecktrittserklaerung\/#breadcrumb\",\"itemListElement\":[{\"@type\":\"ListItem\",\"position\":1,\"name\":\"Home\",\"item\":\"https:\/\/startyoursystem.com\/de\/\"},{\"@type\":\"ListItem\",\"position\":2,\"name\":\"R\u00fccktrittserkl\u00e4rung\"}]},{\"@type\":\"WebSite\",\"@id\":\"https:\/\/startyoursystem.com\/de\/#website\",\"url\":\"https:\/\/startyoursystem.com\/de\/\",\"name\":\"\",\"description\":\"\",\"potentialAction\":[{\"@type\":\"SearchAction\",\"target\":{\"@type\":\"EntryPoint\",\"urlTemplate\":\"https:\/\/startyoursystem.com\/de\/?s={search_term_string}\"},\"query-input\":{\"@type\":\"PropertyValueSpecification\",\"valueRequired\":true,\"valueName\":\"search_term_string\"}}],\"inLanguage\":\"de\"}]}<\/script>\n<!-- \/ Yoast SEO plugin. -->","yoast_head_json":{"title":"R\u00fccktrittserkl\u00e4rung","robots":{"index":"index","follow":"follow","max-snippet":"max-snippet:-1","max-image-preview":"max-image-preview:large","max-video-preview":"max-video-preview:-1"},"canonical":"https:\/\/startyoursystem.com\/de\/ruecktrittserklaerung\/","og_locale":"de_DE","og_type":"article","og_title":"R\u00fccktrittserkl\u00e4rung","og_description":"R\u00fccktrittserkl\u00e4rung 1. Widerrufsrecht f\u00fcr digitale Produkte \u00a0 Kein Widerrufsrecht nach Beginn der Ausf\u00fchrung Unsere Angebote richten sich ausschlie\u00dflich an Verbraucher, [&hellip;]","og_url":"https:\/\/startyoursystem.com\/de\/ruecktrittserklaerung\/","article_modified_time":"2025-07-16T15:06:35+00:00","twitter_card":"summary_large_image","twitter_misc":{"Gesch\u00e4tzte Lesezeit":"1\u00a0Minute"},"schema":{"@context":"https:\/\/schema.org","@graph":[{"@type":"WebPage","@id":"https:\/\/startyoursystem.com\/de\/ruecktrittserklaerung\/","url":"https:\/\/startyoursystem.com\/de\/ruecktrittserklaerung\/","name":"R\u00fccktrittserkl\u00e4rung","isPartOf":{"@id":"https:\/\/startyoursystem.com\/de\/#website"},"datePublished":"2025-06-10T12:45:06+00:00","dateModified":"2025-07-16T15:06:35+00:00","breadcrumb":{"@id":"https:\/\/startyoursystem.com\/de\/ruecktrittserklaerung\/#breadcrumb"},"inLanguage":"de","potentialAction":[{"@type":"ReadAction","target":["https:\/\/startyoursystem.com\/de\/ruecktrittserklaerung\/"]}]},{"@type":"BreadcrumbList","@id":"https:\/\/startyoursystem.com\/de\/ruecktrittserklaerung\/#breadcrumb","itemListElement":[{"@type":"ListItem","position":1,"name":"Home","item":"https:\/\/startyoursystem.com\/de\/"},{"@type":"ListItem","position":2,"name":"R\u00fccktrittserkl\u00e4rung"}]},{"@type":"WebSite","@id":"https:\/\/startyoursystem.com\/de\/#website","url":"https:\/\/startyoursystem.com\/de\/","name":"","description":"","potentialAction":[{"@type":"SearchAction","target":{"@type":"EntryPoint","urlTemplate":"https:\/\/startyoursystem.com\/de\/?s={search_term_string}"},"query-input":{"@type":"PropertyValueSpecification","valueRequired":true,"valueName":"search_term_string"}}],"inLanguage":"de"}]}},"_links":{"self":[{"href":"https:\/\/startyoursystem.com\/de\/wp-json\/wp\/v2\/pages\/575","targetHints":{"allow":["GET"]}}],"collection":[{"href":"https:\/\/startyoursystem.com\/de\/wp-json\/wp\/v2\/pages"}],"about":[{"href":"https:\/\/startyoursystem.com\/de\/wp-json\/wp\/v2\/types\/page"}],"author":[{"embeddable":true,"href":"https:\/\/startyoursystem.com\/de\/wp-json\/wp\/v2\/users\/1"}],"replies":[{"embeddable":true,"href":"https:\/\/startyoursystem.com\/de\/wp-json\/wp\/v2\/comments?post=575"}],"version-history":[{"count":4,"href":"https:\/\/startyoursystem.com\/de\/wp-json\/wp\/v2\/pages\/575\/revisions"}],"predecessor-version":[{"id":2746,"href":"https:\/\/startyoursystem.com\/de\/wp-json\/wp\/v2\/pages\/575\/revisions\/2746"}],"wp:attachment":[{"href":"https:\/\/startyoursystem.com\/de\/wp-json\/wp\/v2\/media?parent=575"}],"curies":[{"name":"wp","href":"https:\/\/api.w.org\/{rel}","templated":true}]}}