{"id":571,"date":"2025-06-10T10:11:23","date_gmt":"2025-06-10T08:11:23","guid":{"rendered":"https:\/\/startyoursystem.com\/impressum\/"},"modified":"2025-10-01T16:24:06","modified_gmt":"2025-10-01T14:24:06","slug":"impressum","status":"publish","type":"page","link":"https:\/\/startyoursystem.com\/de\/impressum\/","title":{"rendered":"Impressum"},"content":{"rendered":"\t\t<div data-elementor-type=\"wp-page\" data-elementor-id=\"571\" class=\"elementor elementor-571 elementor-412\" data-elementor-post-type=\"page\">\n\t\t\t\t<div class=\"elementor-element elementor-element-9150f38 e-flex e-con-boxed e-con e-parent\" data-id=\"9150f38\" data-element_type=\"container\" data-e-type=\"container\" data-settings=\"{&quot;background_background&quot;:&quot;gradient&quot;}\">\n\t\t\t\t\t<div class=\"e-con-inner\">\n\t\t\t\t<div class=\"elementor-element elementor-element-e7c5ae0 elementor-widget elementor-widget-heading\" data-id=\"e7c5ae0\" data-element_type=\"widget\" data-e-type=\"widget\" data-widget_type=\"heading.default\">\n\t\t\t\t<div class=\"elementor-widget-container\">\n\t\t\t\t\t<h2 class=\"elementor-heading-title elementor-size-default\">  Impressum \/ Legal Disclosure<\/h2>\t\t\t\t<\/div>\n\t\t\t\t<\/div>\n\t\t\t\t\t<\/div>\n\t\t\t\t<\/div>\n\t\t<div class=\"elementor-element elementor-element-b253d73 e-flex e-con-boxed e-con e-parent\" data-id=\"b253d73\" data-element_type=\"container\" data-e-type=\"container\" data-settings=\"{&quot;background_background&quot;:&quot;gradient&quot;}\">\n\t\t\t\t\t<div class=\"e-con-inner\">\n\t\t\t\t<div class=\"elementor-element elementor-element-63f99d8 elementor-widget elementor-widget-text-editor\" data-id=\"63f99d8\" data-element_type=\"widget\" data-e-type=\"widget\" data-widget_type=\"text-editor.default\">\n\t\t\t\t<div class=\"elementor-widget-container\">\n\t\t\t\t\t\t\t\t\t<p data-start=\"389\" data-end=\"467\"><strong data-start=\"389\" data-end=\"467\">Informationen gem\u00e4\u00df \u00a7 5 Telemediengesetz (TMG)<\/strong><\/p><p data-start=\"210\" data-end=\"321\"><strong data-start=\"210\" data-end=\"258\">Gem\u00e4\u00df \u00a7 5 TMG (Telemediengesetz):<\/strong><br data-start=\"258\" data-end=\"261\" \/>Tiziano Russillo<br data-start=\"277\" data-end=\"280\" \/>Attilastra\u00dfe 87e<br data-start=\"296\" data-end=\"299\" \/>12247 Berlin<br data-start=\"311\" data-end=\"314\" \/>Deutschland<\/p><p data-start=\"323\" data-end=\"372\"><strong data-start=\"323\" data-end=\"335\">Kontakt:<\/strong><br data-start=\"335\" data-end=\"338\" \/>E-Mail: <a class=\"cursor-pointer\" rel=\"noopener\" data-start=\"345\" data-end=\"372\">support@startyoursystem.com<\/a><\/p><p data-start=\"374\" data-end=\"471\"><strong data-start=\"374\" data-end=\"394\">Informationen zur Umsatzsteuer:<\/strong><br data-start=\"394\" data-end=\"397\" \/>Es wird keine Umsatzsteuer gem\u00e4\u00df \u00a7 19 UStG (Kleinunternehmerregelung) erhoben.<\/p><p data-start=\"374\" data-end=\"471\">Erbringung von Dienstleistungen zur organisatorischen Unterst\u00fctzung bei Visa-Antr\u00e4gen (keine Rechtsberatung).<\/p><p data-start=\"473\" data-end=\"588\"><strong data-start=\"473\" data-end=\"525\">Verantwortlich f\u00fcr den Inhalt gem\u00e4\u00df \u00a7 55 Abs. 2 RStV: <\/strong><br data-start=\"525\" data-end=\"528\" \/>Tiziano Russillo<br data-start=\"544\" data-end=\"547\" \/>Attilastra\u00dfe 87e<br data-start=\"563\" data-end=\"566\" \/>12247 Berlin<br data-start=\"578\" data-end=\"581\" \/>Deutschland<\/p><p data-start=\"469\" data-end=\"539\"><strong style=\"font-size: 16px;\" data-start=\"927\" data-end=\"985\">Verantwortlich f\u00fcr den Inhalt gem\u00e4\u00df \u00a7 55 Abs. 2 RStV:<\/strong><\/p><p data-start=\"927\" data-end=\"1025\">Tiziano Russillo<br data-start=\"1004\" data-end=\"1007\" \/>(Anschrift wie oben)<\/p><hr data-start=\"1027\" data-end=\"1030\" \/><p data-start=\"1262\" data-end=\"1387\">\u00a0<\/p>\t\t\t\t\t\t\t\t<\/div>\n\t\t\t\t<\/div>\n\t\t\t\t\t<\/div>\n\t\t\t\t<\/div>\n\t\t\t\t<\/div>\n\t\t","protected":false},"excerpt":{"rendered":"<p>Impressum \/ Legal Disclosure Informationen gem\u00e4\u00df \u00a7 5 Telemediengesetz (TMG) Gem\u00e4\u00df \u00a7 5 TMG (Telemediengesetz):Tiziano RussilloAttilastra\u00dfe 87e12247 BerlinDeutschland Kontakt:E-Mail: support@startyoursystem.com [&hellip;]<\/p>\n","protected":false},"author":1,"featured_media":0,"parent":0,"menu_order":0,"comment_status":"closed","ping_status":"closed","template":"","meta":{"site-sidebar-layout":"no-sidebar","site-content-layout":"","ast-site-content-layout":"full-width-container","site-content-style":"default","site-sidebar-style":"default","ast-global-header-display":"","ast-banner-title-visibility":"","ast-main-header-display":"","ast-hfb-above-header-display":"","ast-hfb-below-header-display":"","ast-hfb-mobile-header-display":"","site-post-title":"disabled","ast-breadcrumbs-content":"","ast-featured-img":"disabled","footer-sml-layout":"","ast-disable-related-posts":"","theme-transparent-header-meta":"","adv-header-id-meta":"","stick-header-meta":"","header-above-stick-meta":"","header-main-stick-meta":"","header-below-stick-meta":"","astra-migrate-meta-layouts":"default","ast-page-background-enabled":"default","ast-page-background-meta":{"desktop":{"background-color":"var(--ast-global-color-5)","background-image":"","background-repeat":"repeat","background-position":"center center","background-size":"auto","background-attachment":"scroll","background-type":"","background-media":"","overlay-type":"","overlay-color":"","overlay-opacity":"","overlay-gradient":""},"tablet":{"background-color":"","background-image":"","background-repeat":"repeat","background-position":"center center","background-size":"auto","background-attachment":"scroll","background-type":"","background-media":"","overlay-type":"","overlay-color":"","overlay-opacity":"","overlay-gradient":""},"mobile":{"background-color":"","background-image":"","background-repeat":"repeat","background-position":"center center","background-size":"auto","background-attachment":"scroll","background-type":"","background-media":"","overlay-type":"","overlay-color":"","overlay-opacity":"","overlay-gradient":""}},"ast-content-background-meta":{"desktop":{"background-color":"var(--ast-global-color-4)","background-image":"","background-repeat":"repeat","background-position":"center center","background-size":"auto","background-attachment":"scroll","background-type":"","background-media":"","overlay-type":"","overlay-color":"","overlay-opacity":"","overlay-gradient":""},"tablet":{"background-color":"var(--ast-global-color-4)","background-image":"","background-repeat":"repeat","background-position":"center center","background-size":"auto","background-attachment":"scroll","background-type":"","background-media":"","overlay-type":"","overlay-color":"","overlay-opacity":"","overlay-gradient":""},"mobile":{"background-color":"var(--ast-global-color-4)","background-image":"","background-repeat":"repeat","background-position":"center center","background-size":"auto","background-attachment":"scroll","background-type":"","background-media":"","overlay-type":"","overlay-color":"","overlay-opacity":"","overlay-gradient":""}},"footnotes":""},"class_list":["post-571","page","type-page","status-publish","hentry"],"yoast_head":"<!-- This site is optimized with the Yoast SEO plugin v27.2 - https:\/\/yoast.com\/product\/yoast-seo-wordpress\/ -->\n<title>Impressum<\/title>\n<meta name=\"robots\" content=\"noindex, follow\" \/>\n<meta property=\"og:locale\" content=\"de_DE\" \/>\n<meta property=\"og:type\" content=\"article\" \/>\n<meta property=\"og:title\" content=\"Impressum\" \/>\n<meta property=\"og:description\" content=\"Impressum \/ Legal Disclosure Informationen gem\u00e4\u00df \u00a7 5 Telemediengesetz (TMG) Gem\u00e4\u00df \u00a7 5 TMG (Telemediengesetz):Tiziano RussilloAttilastra\u00dfe 87e12247 BerlinDeutschland Kontakt:E-Mail: support@startyoursystem.com [&hellip;]\" \/>\n<meta property=\"og:url\" content=\"https:\/\/startyoursystem.com\/de\/impressum\/\" \/>\n<meta property=\"article:modified_time\" content=\"2025-10-01T14:24:06+00:00\" \/>\n<meta name=\"twitter:card\" content=\"summary_large_image\" \/>\n<meta name=\"twitter:label1\" content=\"Gesch\u00e4tzte Lesezeit\" \/>\n\t<meta name=\"twitter:data1\" content=\"1\u00a0Minute\" \/>\n<script type=\"application\/ld+json\" class=\"yoast-schema-graph\">{\"@context\":\"https:\/\/schema.org\",\"@graph\":[{\"@type\":\"WebPage\",\"@id\":\"https:\/\/startyoursystem.com\/de\/impressum\/\",\"url\":\"https:\/\/startyoursystem.com\/de\/impressum\/\",\"name\":\"Impressum\",\"isPartOf\":{\"@id\":\"https:\/\/startyoursystem.com\/de\/#website\"},\"datePublished\":\"2025-06-10T08:11:23+00:00\",\"dateModified\":\"2025-10-01T14:24:06+00:00\",\"breadcrumb\":{\"@id\":\"https:\/\/startyoursystem.com\/de\/impressum\/#breadcrumb\"},\"inLanguage\":\"de\",\"potentialAction\":[{\"@type\":\"ReadAction\",\"target\":[\"https:\/\/startyoursystem.com\/de\/impressum\/\"]}]},{\"@type\":\"BreadcrumbList\",\"@id\":\"https:\/\/startyoursystem.com\/de\/impressum\/#breadcrumb\",\"itemListElement\":[{\"@type\":\"ListItem\",\"position\":1,\"name\":\"Home\",\"item\":\"https:\/\/startyoursystem.com\/de\/\"},{\"@type\":\"ListItem\",\"position\":2,\"name\":\"Impressum\"}]},{\"@type\":\"WebSite\",\"@id\":\"https:\/\/startyoursystem.com\/de\/#website\",\"url\":\"https:\/\/startyoursystem.com\/de\/\",\"name\":\"\",\"description\":\"\",\"potentialAction\":[{\"@type\":\"SearchAction\",\"target\":{\"@type\":\"EntryPoint\",\"urlTemplate\":\"https:\/\/startyoursystem.com\/de\/?s={search_term_string}\"},\"query-input\":{\"@type\":\"PropertyValueSpecification\",\"valueRequired\":true,\"valueName\":\"search_term_string\"}}],\"inLanguage\":\"de\"}]}<\/script>\n<!-- \/ Yoast SEO plugin. -->","yoast_head_json":{"title":"Impressum","robots":{"index":"noindex","follow":"follow"},"og_locale":"de_DE","og_type":"article","og_title":"Impressum","og_description":"Impressum \/ Legal Disclosure Informationen gem\u00e4\u00df \u00a7 5 Telemediengesetz (TMG) Gem\u00e4\u00df \u00a7 5 TMG (Telemediengesetz):Tiziano RussilloAttilastra\u00dfe 87e12247 BerlinDeutschland Kontakt:E-Mail: support@startyoursystem.com [&hellip;]","og_url":"https:\/\/startyoursystem.com\/de\/impressum\/","article_modified_time":"2025-10-01T14:24:06+00:00","twitter_card":"summary_large_image","twitter_misc":{"Gesch\u00e4tzte Lesezeit":"1\u00a0Minute"},"schema":{"@context":"https:\/\/schema.org","@graph":[{"@type":"WebPage","@id":"https:\/\/startyoursystem.com\/de\/impressum\/","url":"https:\/\/startyoursystem.com\/de\/impressum\/","name":"Impressum","isPartOf":{"@id":"https:\/\/startyoursystem.com\/de\/#website"},"datePublished":"2025-06-10T08:11:23+00:00","dateModified":"2025-10-01T14:24:06+00:00","breadcrumb":{"@id":"https:\/\/startyoursystem.com\/de\/impressum\/#breadcrumb"},"inLanguage":"de","potentialAction":[{"@type":"ReadAction","target":["https:\/\/startyoursystem.com\/de\/impressum\/"]}]},{"@type":"BreadcrumbList","@id":"https:\/\/startyoursystem.com\/de\/impressum\/#breadcrumb","itemListElement":[{"@type":"ListItem","position":1,"name":"Home","item":"https:\/\/startyoursystem.com\/de\/"},{"@type":"ListItem","position":2,"name":"Impressum"}]},{"@type":"WebSite","@id":"https:\/\/startyoursystem.com\/de\/#website","url":"https:\/\/startyoursystem.com\/de\/","name":"","description":"","potentialAction":[{"@type":"SearchAction","target":{"@type":"EntryPoint","urlTemplate":"https:\/\/startyoursystem.com\/de\/?s={search_term_string}"},"query-input":{"@type":"PropertyValueSpecification","valueRequired":true,"valueName":"search_term_string"}}],"inLanguage":"de"}]}},"_links":{"self":[{"href":"https:\/\/startyoursystem.com\/de\/wp-json\/wp\/v2\/pages\/571","targetHints":{"allow":["GET"]}}],"collection":[{"href":"https:\/\/startyoursystem.com\/de\/wp-json\/wp\/v2\/pages"}],"about":[{"href":"https:\/\/startyoursystem.com\/de\/wp-json\/wp\/v2\/types\/page"}],"author":[{"embeddable":true,"href":"https:\/\/startyoursystem.com\/de\/wp-json\/wp\/v2\/users\/1"}],"replies":[{"embeddable":true,"href":"https:\/\/startyoursystem.com\/de\/wp-json\/wp\/v2\/comments?post=571"}],"version-history":[{"count":7,"href":"https:\/\/startyoursystem.com\/de\/wp-json\/wp\/v2\/pages\/571\/revisions"}],"predecessor-version":[{"id":2987,"href":"https:\/\/startyoursystem.com\/de\/wp-json\/wp\/v2\/pages\/571\/revisions\/2987"}],"wp:attachment":[{"href":"https:\/\/startyoursystem.com\/de\/wp-json\/wp\/v2\/media?parent=571"}],"curies":[{"name":"wp","href":"https:\/\/api.w.org\/{rel}","templated":true}]}}