{"id":1050,"date":"2025-06-15T11:52:07","date_gmt":"2025-06-15T09:52:07","guid":{"rendered":"https:\/\/startyoursystem.com\/?page_id=1050"},"modified":"2026-03-18T16:36:20","modified_gmt":"2026-03-18T15:36:20","slug":"faceless-ai-content-system","status":"publish","type":"page","link":"https:\/\/startyoursystem.com\/de\/faceless-ai-content-system\/","title":{"rendered":"Faceless AI Content"},"content":{"rendered":"\t\t<div data-elementor-type=\"wp-page\" data-elementor-id=\"1050\" class=\"elementor elementor-1050\" data-elementor-post-type=\"page\">\n\t\t\t\t<div class=\"elementor-element elementor-element-30b96857 e-flex e-con-boxed e-con e-parent\" data-id=\"30b96857\" data-element_type=\"container\" data-e-type=\"container\" data-settings=\"{&quot;background_background&quot;:&quot;gradient&quot;}\">\n\t\t\t\t\t<div class=\"e-con-inner\">\n\t\t\t\t<div class=\"elementor-element elementor-element-7db56686 elementor-widget elementor-widget-heading\" data-id=\"7db56686\" data-element_type=\"widget\" data-e-type=\"widget\" data-widget_type=\"heading.default\">\n\t\t\t\t<div class=\"elementor-widget-container\">\n\t\t\t\t\t<h2 class=\"elementor-heading-title elementor-size-default\">Dein Einstieg ins KI basierte Faceless Business. Strukturiert, kreativ und ohne pers\u00f6nliche Pr\u00e4senz.\n<\/h2>\t\t\t\t<\/div>\n\t\t\t\t<\/div>\n\t\t\t\t\t<\/div>\n\t\t\t\t<\/div>\n\t\t<div class=\"elementor-element elementor-element-15c6bc27 e-flex e-con-boxed e-con e-parent\" data-id=\"15c6bc27\" data-element_type=\"container\" data-e-type=\"container\" data-settings=\"{&quot;background_background&quot;:&quot;gradient&quot;}\">\n\t\t\t\t\t<div class=\"e-con-inner\">\n\t\t\t\t<div class=\"elementor-element elementor-element-78f69882 elementor-widget elementor-widget-text-editor\" data-id=\"78f69882\" data-element_type=\"widget\" data-e-type=\"widget\" data-widget_type=\"text-editor.default\">\n\t\t\t\t<div class=\"elementor-widget-container\">\n\t\t\t\t\t\t\t\t\t<p>Alle Vorlagen, Abl\u00e4ufe und Anleitungen f\u00fcr den erfolgreichen Aufbau eines faceless Content Business. Sofort einsetzbar, KI gest\u00fctzt und auf Skalierung ausgelegt.<\/p>\t\t\t\t\t\t\t\t<\/div>\n\t\t\t\t<\/div>\n\t\t<div class=\"elementor-element elementor-element-2f379158 e-con-full e-flex e-con e-child\" data-id=\"2f379158\" data-element_type=\"container\" data-e-type=\"container\" data-settings=\"{&quot;background_background&quot;:&quot;gradient&quot;}\">\n\t\t\t\t<div class=\"elementor-element elementor-element-58724b1f elementor-align-center elementor-widget elementor-widget-button\" data-id=\"58724b1f\" data-element_type=\"widget\" data-e-type=\"widget\" data-widget_type=\"button.default\">\n\t\t\t\t<div class=\"elementor-widget-container\">\n\t\t\t\t\t\t\t\t\t<div class=\"elementor-button-wrapper\">\n\t\t\t\t\t<a class=\"elementor-button elementor-button-link elementor-size-sm\" href=\"https:\/\/startyoursystem.com\/de\/produkt\/faceless-ai-content\/\">\n\t\t\t\t\t\t<span class=\"elementor-button-content-wrapper\">\n\t\t\t\t\t\t\t\t\t<span class=\"elementor-button-text\">Faceless AI Content starten<\/span>\n\t\t\t\t\t<\/span>\n\t\t\t\t\t<\/a>\n\t\t\t\t<\/div>\n\t\t\t\t\t\t\t\t<\/div>\n\t\t\t\t<\/div>\n\t\t\t\t<\/div>\n\t\t\t\t\t<\/div>\n\t\t\t\t<\/div>\n\t\t<div class=\"elementor-element elementor-element-145efabc e-flex e-con-boxed e-con e-parent\" data-id=\"145efabc\" data-element_type=\"container\" data-e-type=\"container\" data-settings=\"{&quot;background_background&quot;:&quot;gradient&quot;}\">\n\t\t\t\t\t<div class=\"e-con-inner\">\n\t\t\t\t<div class=\"elementor-element elementor-element-4fba56f2 elementor-widget elementor-widget-spacer\" data-id=\"4fba56f2\" data-element_type=\"widget\" data-e-type=\"widget\" data-widget_type=\"spacer.default\">\n\t\t\t\t<div class=\"elementor-widget-container\">\n\t\t\t\t\t\t\t<div class=\"elementor-spacer\">\n\t\t\t<div class=\"elementor-spacer-inner\"><\/div>\n\t\t<\/div>\n\t\t\t\t\t\t<\/div>\n\t\t\t\t<\/div>\n\t\t\t\t\t<\/div>\n\t\t\t\t<\/div>\n\t\t<div class=\"elementor-element elementor-element-370bd96f e-grid e-con-boxed e-con e-parent\" data-id=\"370bd96f\" data-element_type=\"container\" data-e-type=\"container\" data-settings=\"{&quot;background_background&quot;:&quot;gradient&quot;}\">\n\t\t\t\t\t<div class=\"e-con-inner\">\n\t\t\t\t<div class=\"elementor-element elementor-element-6926eab4 elementor-view-default elementor-position-block-start elementor-mobile-position-block-start elementor-widget elementor-widget-icon-box\" data-id=\"6926eab4\" data-element_type=\"widget\" data-e-type=\"widget\" data-widget_type=\"icon-box.default\">\n\t\t\t\t<div class=\"elementor-widget-container\">\n\t\t\t\t\t\t\t<div class=\"elementor-icon-box-wrapper\">\n\n\t\t\t\t\t\t<div class=\"elementor-icon-box-icon\">\n\t\t\t\t<span  class=\"elementor-icon\">\n\t\t\t\t<svg aria-hidden=\"true\" class=\"e-font-icon-svg e-fas-robot\" viewBox=\"0 0 640 512\" xmlns=\"http:\/\/www.w3.org\/2000\/svg\"><path d=\"M32,224H64V416H32A31.96166,31.96166,0,0,1,0,384V256A31.96166,31.96166,0,0,1,32,224Zm512-48V448a64.06328,64.06328,0,0,1-64,64H160a64.06328,64.06328,0,0,1-64-64V176a79.974,79.974,0,0,1,80-80H288V32a32,32,0,0,1,64,0V96H464A79.974,79.974,0,0,1,544,176ZM264,256a40,40,0,1,0-40,40A39.997,39.997,0,0,0,264,256Zm-8,128H192v32h64Zm96,0H288v32h64ZM456,256a40,40,0,1,0-40,40A39.997,39.997,0,0,0,456,256Zm-8,128H384v32h64ZM640,256V384a31.96166,31.96166,0,0,1-32,32H576V224h32A31.96166,31.96166,0,0,1,640,256Z\"><\/path><\/svg>\t\t\t\t<\/span>\n\t\t\t<\/div>\n\t\t\t\n\t\t\t\t\t\t<div class=\"elementor-icon-box-content\">\n\n\t\t\t\t\t\t\t\t\t<h3 class=\"elementor-icon-box-title\">\n\t\t\t\t\t\t<span  >\n\t\t\t\t\t\t\t KI Content automatisch erstellen\t\t\t\t\t\t<\/span>\n\t\t\t\t\t<\/h3>\n\t\t\t\t\n\t\t\t\t\t\t\t\t\t<p class=\"elementor-icon-box-description\">\n\t\t\t\t\t\tErstelle hochwertige Inhalte mit k\u00fcnstlicher Intelligenz ohne Kamera, ohne Stimme und ohne pers\u00f6nlichen Auftritt\t\t\t\t\t<\/p>\n\t\t\t\t\n\t\t\t<\/div>\n\t\t\t\n\t\t<\/div>\n\t\t\t\t\t\t<\/div>\n\t\t\t\t<\/div>\n\t\t\t\t<div class=\"elementor-element elementor-element-325bcd56 elementor-view-default elementor-position-block-start elementor-mobile-position-block-start elementor-widget elementor-widget-icon-box\" data-id=\"325bcd56\" data-element_type=\"widget\" data-e-type=\"widget\" data-widget_type=\"icon-box.default\">\n\t\t\t\t<div class=\"elementor-widget-container\">\n\t\t\t\t\t\t\t<div class=\"elementor-icon-box-wrapper\">\n\n\t\t\t\t\t\t<div class=\"elementor-icon-box-icon\">\n\t\t\t\t<span  class=\"elementor-icon\">\n\t\t\t\t<svg aria-hidden=\"true\" class=\"e-font-icon-svg e-fas-mobile-alt\" viewBox=\"0 0 320 512\" xmlns=\"http:\/\/www.w3.org\/2000\/svg\"><path d=\"M272 0H48C21.5 0 0 21.5 0 48v416c0 26.5 21.5 48 48 48h224c26.5 0 48-21.5 48-48V48c0-26.5-21.5-48-48-48zM160 480c-17.7 0-32-14.3-32-32s14.3-32 32-32 32 14.3 32 32-14.3 32-32 32zm112-108c0 6.6-5.4 12-12 12H60c-6.6 0-12-5.4-12-12V60c0-6.6 5.4-12 12-12h200c6.6 0 12 5.4 12 12v312z\"><\/path><\/svg>\t\t\t\t<\/span>\n\t\t\t<\/div>\n\t\t\t\n\t\t\t\t\t\t<div class=\"elementor-icon-box-content\">\n\n\t\t\t\t\t\t\t\t\t<h3 class=\"elementor-icon-box-title\">\n\t\t\t\t\t\t<span  >\n\t\t\t\t\t\t\t Strategisch auf allen Plattformen\t\t\t\t\t\t<\/span>\n\t\t\t\t\t<\/h3>\n\t\t\t\t\n\t\t\t\t\t\t\t\t\t<p class=\"elementor-icon-box-description\">\n\t\t\t\t\t\tVer\u00f6ffentliche anonymen Content auf TikTok, YouTube, Instagram und weiteren Kan\u00e4len mit klarer Struktur\t\t\t\t\t<\/p>\n\t\t\t\t\n\t\t\t<\/div>\n\t\t\t\n\t\t<\/div>\n\t\t\t\t\t\t<\/div>\n\t\t\t\t<\/div>\n\t\t\t\t<div class=\"elementor-element elementor-element-7ac5d9c6 elementor-view-default elementor-position-block-start elementor-mobile-position-block-start elementor-widget elementor-widget-icon-box\" data-id=\"7ac5d9c6\" data-element_type=\"widget\" data-e-type=\"widget\" data-widget_type=\"icon-box.default\">\n\t\t\t\t<div class=\"elementor-widget-container\">\n\t\t\t\t\t\t\t<div class=\"elementor-icon-box-wrapper\">\n\n\t\t\t\t\t\t<div class=\"elementor-icon-box-icon\">\n\t\t\t\t<span  class=\"elementor-icon\">\n\t\t\t\t<svg aria-hidden=\"true\" class=\"e-font-icon-svg e-fas-chart-line\" viewBox=\"0 0 512 512\" xmlns=\"http:\/\/www.w3.org\/2000\/svg\"><path d=\"M496 384H64V80c0-8.84-7.16-16-16-16H16C7.16 64 0 71.16 0 80v336c0 17.67 14.33 32 32 32h464c8.84 0 16-7.16 16-16v-32c0-8.84-7.16-16-16-16zM464 96H345.94c-21.38 0-32.09 25.85-16.97 40.97l32.4 32.4L288 242.75l-73.37-73.37c-12.5-12.5-32.76-12.5-45.25 0l-68.69 68.69c-6.25 6.25-6.25 16.38 0 22.63l22.62 22.62c6.25 6.25 16.38 6.25 22.63 0L192 237.25l73.37 73.37c12.5 12.5 32.76 12.5 45.25 0l96-96 32.4 32.4c15.12 15.12 40.97 4.41 40.97-16.97V112c.01-8.84-7.15-16-15.99-16z\"><\/path><\/svg>\t\t\t\t<\/span>\n\t\t\t<\/div>\n\t\t\t\n\t\t\t\t\t\t<div class=\"elementor-icon-box-content\">\n\n\t\t\t\t\t\t\t\t\t<h3 class=\"elementor-icon-box-title\">\n\t\t\t\t\t\t<span  >\n\t\t\t\t\t\t\tSichtbarkeit und Umsatz aufbauen\t\t\t\t\t\t<\/span>\n\t\t\t\t\t<\/h3>\n\t\t\t\t\n\t\t\t\t\t\t\t\t\t<p class=\"elementor-icon-box-description\">\n\t\t\t\t\t\tBaue ein skalierbares digitales Business mit automatisierten Inhalten und nachhaltiger Sichtbarkeit\t\t\t\t\t<\/p>\n\t\t\t\t\n\t\t\t<\/div>\n\t\t\t\n\t\t<\/div>\n\t\t\t\t\t\t<\/div>\n\t\t\t\t<\/div>\n\t\t\t\t\t<\/div>\n\t\t\t\t<\/div>\n\t\t<div class=\"elementor-element elementor-element-3718a008 e-flex e-con-boxed e-con e-parent\" data-id=\"3718a008\" data-element_type=\"container\" data-e-type=\"container\" data-settings=\"{&quot;background_background&quot;:&quot;gradient&quot;}\">\n\t\t\t\t\t<div class=\"e-con-inner\">\n\t\t\t\t<div class=\"elementor-element elementor-element-170a1c16 elementor-widget elementor-widget-heading\" data-id=\"170a1c16\" data-element_type=\"widget\" data-e-type=\"widget\" data-widget_type=\"heading.default\">\n\t\t\t\t<div class=\"elementor-widget-container\">\n\t\t\t\t\t<h2 class=\"elementor-heading-title elementor-size-default\">Inhalte und Leistungen im \u00dcberblick<\/h2>\t\t\t\t<\/div>\n\t\t\t\t<\/div>\n\t\t\t\t\t<\/div>\n\t\t\t\t<\/div>\n\t\t<div class=\"elementor-element elementor-element-6d81ba6f e-flex e-con-boxed e-con e-parent\" data-id=\"6d81ba6f\" data-element_type=\"container\" data-e-type=\"container\" data-settings=\"{&quot;background_background&quot;:&quot;gradient&quot;}\">\n\t\t\t\t\t<div class=\"e-con-inner\">\n\t\t\t\t<div class=\"elementor-element elementor-element-2fa45f28 elementor-widget elementor-widget-text-editor\" data-id=\"2fa45f28\" data-element_type=\"widget\" data-e-type=\"widget\" data-widget_type=\"text-editor.default\">\n\t\t\t\t<div class=\"elementor-widget-container\">\n\t\t\t\t\t\t\t\t\t<h3 data-start=\"236\" data-end=\"367\">\u00a0<\/h3><p data-start=\"368\" data-end=\"706\"><strong>Ein vollst\u00e4ndig vorbereitetes System f\u00fcr den Einstieg in das Faceless AI Content Business mit sieben klar aufgebauten Modulen<\/strong><\/p><p data-start=\"368\" data-end=\"706\">Dieses System begleitet Schritt f\u00fcr Schritt beim Aufbau anonym produzierter Inhalte mit k\u00fcnstlicher Intelligenz. Von der Themenwahl und Skripterstellung \u00fcber Sprachverarbeitung und Videoproduktion bis zur Ver\u00f6ffentlichung auf verschiedenen Plattformen. Die sieben Module sind praxisnah gestaltet, leicht verst\u00e4ndlich und sofort umsetzbar.<\/p><p data-start=\"708\" data-end=\"779\">\ud83d\udcc2 Zus\u00e4tzliche Toolbox mit f\u00fcnfzehn Vorlagen und unterst\u00fctzenden Hilfen<\/p><p data-start=\"781\" data-end=\"1022\">\u2714\ufe0f Planungschecklisten f\u00fcr Contentideen, Formate und Plattformstrategien<br data-start=\"853\" data-end=\"856\" \/>\u2714\ufe0f Skriptvorlagen, Textgeneratoren und Sprachwerkzeuge f\u00fcr die KI gest\u00fctzte Umsetzung<br data-start=\"941\" data-end=\"944\" \/>\u2714\ufe0f Strukturierte Vorlagen f\u00fcr Branding, Ver\u00f6ffentlichung und Reichweitenaufbau<\/p><p data-start=\"1024\" data-end=\"1101\">\ud83d\udc49 Alle Inhalte sofort verf\u00fcgbar, vollst\u00e4ndig anpassbar und direkt einsetzbar<\/p><p data-start=\"144\" data-end=\"382\">\u00a0<\/p>\t\t\t\t\t\t\t\t<\/div>\n\t\t\t\t<\/div>\n\t\t\t\t\t<\/div>\n\t\t\t\t<\/div>\n\t\t<div class=\"elementor-element elementor-element-23a78562 e-flex e-con-boxed e-con e-parent\" data-id=\"23a78562\" data-element_type=\"container\" data-e-type=\"container\" data-settings=\"{&quot;background_background&quot;:&quot;gradient&quot;}\">\n\t\t\t\t\t<div class=\"e-con-inner\">\n\t\t\t\t<div class=\"elementor-element elementor-element-3dba27a4 elementor-widget elementor-widget-text-editor\" data-id=\"3dba27a4\" data-element_type=\"widget\" data-e-type=\"widget\" data-widget_type=\"text-editor.default\">\n\t\t\t\t<div class=\"elementor-widget-container\">\n\t\t\t\t\t\t\t\t\t<p>\ud83d\udee1\ufe0f Erstellt nach deutschem Gewerberecht<\/p><p>\ud83d\udcc2 Enth\u00e4lt datenschutzkonforme Vorlagen<\/p><p>\u2699\ufe0f Sofort einsatzbereit mit Schritt-f\u00fcr-Schritt-Struktur<\/p>\t\t\t\t\t\t\t\t<\/div>\n\t\t\t\t<\/div>\n\t\t\t\t\t<\/div>\n\t\t\t\t<\/div>\n\t\t<div class=\"elementor-element elementor-element-4bf80566 e-flex e-con-boxed e-con e-parent\" data-id=\"4bf80566\" data-element_type=\"container\" data-e-type=\"container\" data-settings=\"{&quot;background_background&quot;:&quot;gradient&quot;}\">\n\t\t\t\t\t<div class=\"e-con-inner\">\n\t\t\t\t<div class=\"elementor-element elementor-element-7aee7526 elementor-widget elementor-widget-heading\" data-id=\"7aee7526\" data-element_type=\"widget\" data-e-type=\"widget\" data-widget_type=\"heading.default\">\n\t\t\t\t<div class=\"elementor-widget-container\">\n\t\t\t\t\t<h3 class=\"elementor-heading-title elementor-size-default\">Ein Businesssystem, das kreative Prozesse strukturiert, rechtliche Sicherheit ber\u00fccksichtigt und den sofortigen Einstieg in automatisierten Content erm\u00f6glicht.\n\n\n\n<\/h3>\t\t\t\t<\/div>\n\t\t\t\t<\/div>\n\t\t\t\t\t<\/div>\n\t\t\t\t<\/div>\n\t\t<div class=\"elementor-element elementor-element-12c78a7e e-flex e-con-boxed e-con e-parent\" data-id=\"12c78a7e\" data-element_type=\"container\" data-e-type=\"container\" data-settings=\"{&quot;background_background&quot;:&quot;gradient&quot;}\">\n\t\t\t\t\t<div class=\"e-con-inner\">\n\t\t\t\t<div class=\"elementor-element elementor-element-2f0f2670 elementor-align-center elementor-widget elementor-widget-button\" data-id=\"2f0f2670\" data-element_type=\"widget\" data-e-type=\"widget\" data-widget_type=\"button.default\">\n\t\t\t\t<div class=\"elementor-widget-container\">\n\t\t\t\t\t\t\t\t\t<div class=\"elementor-button-wrapper\">\n\t\t\t\t\t<a class=\"elementor-button elementor-button-link elementor-size-sm\" href=\"https:\/\/startyoursystem.com\/de\/produkt\/faceless-ai-content\/\">\n\t\t\t\t\t\t<span class=\"elementor-button-content-wrapper\">\n\t\t\t\t\t\t\t\t\t<span class=\"elementor-button-text\">System sichern<\/span>\n\t\t\t\t\t<\/span>\n\t\t\t\t\t<\/a>\n\t\t\t\t<\/div>\n\t\t\t\t\t\t\t\t<\/div>\n\t\t\t\t<\/div>\n\t\t\t\t\t<\/div>\n\t\t\t\t<\/div>\n\t\t<div class=\"elementor-element elementor-element-8e600d9 e-flex e-con-boxed e-con e-parent\" data-id=\"8e600d9\" data-element_type=\"container\" data-e-type=\"container\" data-settings=\"{&quot;background_background&quot;:&quot;gradient&quot;}\">\n\t\t\t\t\t<div class=\"e-con-inner\">\n\t\t\t\t<div class=\"elementor-element elementor-element-45ca39a elementor-widget elementor-widget-text-editor\" data-id=\"45ca39a\" data-element_type=\"widget\" data-e-type=\"widget\" data-widget_type=\"text-editor.default\">\n\t\t\t\t<div class=\"elementor-widget-container\">\n\t\t\t\t\t\t\t\t\t<p>Rechtlicher Hinweis: Dieses System wurde mit gro\u00dfer Sorgfalt erstellt und dient ausschlie\u00dflich der allgemeinen Information. Es ersetzt keine individuelle steuerliche, rechtliche oder unternehmerische Beratung. Die Nutzung und Umsetzung der Inhalte erfolgt in eigener Verantwortung. Es besteht keine gesch\u00e4ftliche, rechtliche oder institutionelle Verbindung zu den genannten Marken, Unternehmen, Plattformen oder Beh\u00f6rden. Alle erw\u00e4hnten Namen und Marken sind Eigentum der jeweiligen Rechteinhaber und dienen ausschlie\u00dflich der thematischen Einordnung.<\/p>\t\t\t\t\t\t\t\t<\/div>\n\t\t\t\t<\/div>\n\t\t\t\t\t<\/div>\n\t\t\t\t<\/div>\n\t\t\t\t<\/div>\n\t\t","protected":false},"excerpt":{"rendered":"<p>Dein Einstieg ins KI basierte Faceless Business. Strukturiert, kreativ und ohne pers\u00f6nliche Pr\u00e4senz. Alle Vorlagen, Abl\u00e4ufe und Anleitungen f\u00fcr den [&hellip;]<\/p>\n","protected":false},"author":1,"featured_media":0,"parent":0,"menu_order":0,"comment_status":"closed","ping_status":"closed","template":"","meta":{"site-sidebar-layout":"no-sidebar","site-content-layout":"","ast-site-content-layout":"full-width-container","site-content-style":"default","site-sidebar-style":"default","ast-global-header-display":"","ast-banner-title-visibility":"","ast-main-header-display":"","ast-hfb-above-header-display":"","ast-hfb-below-header-display":"","ast-hfb-mobile-header-display":"","site-post-title":"disabled","ast-breadcrumbs-content":"","ast-featured-img":"disabled","footer-sml-layout":"","ast-disable-related-posts":"","theme-transparent-header-meta":"","adv-header-id-meta":"","stick-header-meta":"","header-above-stick-meta":"","header-main-stick-meta":"","header-below-stick-meta":"","astra-migrate-meta-layouts":"default","ast-page-background-enabled":"default","ast-page-background-meta":{"desktop":{"background-color":"var(--ast-global-color-5)","background-image":"","background-repeat":"repeat","background-position":"center center","background-size":"auto","background-attachment":"scroll","background-type":"","background-media":"","overlay-type":"","overlay-color":"","overlay-opacity":"","overlay-gradient":""},"tablet":{"background-color":"","background-image":"","background-repeat":"repeat","background-position":"center center","background-size":"auto","background-attachment":"scroll","background-type":"","background-media":"","overlay-type":"","overlay-color":"","overlay-opacity":"","overlay-gradient":""},"mobile":{"background-color":"","background-image":"","background-repeat":"repeat","background-position":"center center","background-size":"auto","background-attachment":"scroll","background-type":"","background-media":"","overlay-type":"","overlay-color":"","overlay-opacity":"","overlay-gradient":""}},"ast-content-background-meta":{"desktop":{"background-color":"var(--ast-global-color-4)","background-image":"","background-repeat":"repeat","background-position":"center center","background-size":"auto","background-attachment":"scroll","background-type":"","background-media":"","overlay-type":"","overlay-color":"","overlay-opacity":"","overlay-gradient":""},"tablet":{"background-color":"var(--ast-global-color-4)","background-image":"","background-repeat":"repeat","background-position":"center center","background-size":"auto","background-attachment":"scroll","background-type":"","background-media":"","overlay-type":"","overlay-color":"","overlay-opacity":"","overlay-gradient":""},"mobile":{"background-color":"var(--ast-global-color-4)","background-image":"","background-repeat":"repeat","background-position":"center center","background-size":"auto","background-attachment":"scroll","background-type":"","background-media":"","overlay-type":"","overlay-color":"","overlay-opacity":"","overlay-gradient":""}},"footnotes":""},"class_list":["post-1050","page","type-page","status-publish","hentry"],"yoast_head":"<!-- This site is optimized with the Yoast SEO plugin v27.2 - https:\/\/yoast.com\/product\/yoast-seo-wordpress\/ -->\n<title>Faceless AI Content<\/title>\n<meta name=\"description\" content=\"Faceless AI Content System von StartYourSystem: Erstelle anonym KI-Inhalte und baue dir online Reichweite und Einkommen auf.\" \/>\n<meta name=\"robots\" content=\"index, follow, max-snippet:-1, max-image-preview:large, max-video-preview:-1\" \/>\n<link rel=\"canonical\" href=\"https:\/\/startyoursystem.com\/de\/faceless-ai-content-system\/\" \/>\n<meta property=\"og:locale\" content=\"de_DE\" \/>\n<meta property=\"og:type\" content=\"article\" \/>\n<meta property=\"og:title\" content=\"Faceless AI Content\" \/>\n<meta property=\"og:description\" content=\"Faceless AI Content System von StartYourSystem: Erstelle anonym KI-Inhalte und baue dir online Reichweite und Einkommen auf.\" \/>\n<meta property=\"og:url\" content=\"https:\/\/startyoursystem.com\/de\/faceless-ai-content-system\/\" \/>\n<meta property=\"article:modified_time\" content=\"2026-03-18T15:36:20+00:00\" \/>\n<meta name=\"twitter:card\" content=\"summary_large_image\" \/>\n<meta name=\"twitter:label1\" content=\"Gesch\u00e4tzte Lesezeit\" \/>\n\t<meta name=\"twitter:data1\" content=\"3\u00a0Minuten\" \/>\n<script type=\"application\/ld+json\" class=\"yoast-schema-graph\">{\"@context\":\"https:\/\/schema.org\",\"@graph\":[{\"@type\":\"WebPage\",\"@id\":\"https:\/\/startyoursystem.com\/de\/faceless-ai-content-system\/\",\"url\":\"https:\/\/startyoursystem.com\/de\/faceless-ai-content-system\/\",\"name\":\"Faceless AI Content\",\"isPartOf\":{\"@id\":\"https:\/\/startyoursystem.com\/de\/#website\"},\"datePublished\":\"2025-06-15T09:52:07+00:00\",\"dateModified\":\"2026-03-18T15:36:20+00:00\",\"description\":\"Faceless AI Content System von StartYourSystem: Erstelle anonym KI-Inhalte und baue dir online Reichweite und Einkommen auf.\",\"breadcrumb\":{\"@id\":\"https:\/\/startyoursystem.com\/de\/faceless-ai-content-system\/#breadcrumb\"},\"inLanguage\":\"de\",\"potentialAction\":[{\"@type\":\"ReadAction\",\"target\":[\"https:\/\/startyoursystem.com\/de\/faceless-ai-content-system\/\"]}]},{\"@type\":\"BreadcrumbList\",\"@id\":\"https:\/\/startyoursystem.com\/de\/faceless-ai-content-system\/#breadcrumb\",\"itemListElement\":[{\"@type\":\"ListItem\",\"position\":1,\"name\":\"Home\",\"item\":\"https:\/\/startyoursystem.com\/de\/\"},{\"@type\":\"ListItem\",\"position\":2,\"name\":\"Faceless AI Content\"}]},{\"@type\":\"WebSite\",\"@id\":\"https:\/\/startyoursystem.com\/de\/#website\",\"url\":\"https:\/\/startyoursystem.com\/de\/\",\"name\":\"\",\"description\":\"\",\"potentialAction\":[{\"@type\":\"SearchAction\",\"target\":{\"@type\":\"EntryPoint\",\"urlTemplate\":\"https:\/\/startyoursystem.com\/de\/?s={search_term_string}\"},\"query-input\":{\"@type\":\"PropertyValueSpecification\",\"valueRequired\":true,\"valueName\":\"search_term_string\"}}],\"inLanguage\":\"de\"}]}<\/script>\n<!-- \/ Yoast SEO plugin. -->","yoast_head_json":{"title":"Faceless AI Content","description":"Faceless AI Content System von StartYourSystem: Erstelle anonym KI-Inhalte und baue dir online Reichweite und Einkommen auf.","robots":{"index":"index","follow":"follow","max-snippet":"max-snippet:-1","max-image-preview":"max-image-preview:large","max-video-preview":"max-video-preview:-1"},"canonical":"https:\/\/startyoursystem.com\/de\/faceless-ai-content-system\/","og_locale":"de_DE","og_type":"article","og_title":"Faceless AI Content","og_description":"Faceless AI Content System von StartYourSystem: Erstelle anonym KI-Inhalte und baue dir online Reichweite und Einkommen auf.","og_url":"https:\/\/startyoursystem.com\/de\/faceless-ai-content-system\/","article_modified_time":"2026-03-18T15:36:20+00:00","twitter_card":"summary_large_image","twitter_misc":{"Gesch\u00e4tzte Lesezeit":"3\u00a0Minuten"},"schema":{"@context":"https:\/\/schema.org","@graph":[{"@type":"WebPage","@id":"https:\/\/startyoursystem.com\/de\/faceless-ai-content-system\/","url":"https:\/\/startyoursystem.com\/de\/faceless-ai-content-system\/","name":"Faceless AI Content","isPartOf":{"@id":"https:\/\/startyoursystem.com\/de\/#website"},"datePublished":"2025-06-15T09:52:07+00:00","dateModified":"2026-03-18T15:36:20+00:00","description":"Faceless AI Content System von StartYourSystem: Erstelle anonym KI-Inhalte und baue dir online Reichweite und Einkommen auf.","breadcrumb":{"@id":"https:\/\/startyoursystem.com\/de\/faceless-ai-content-system\/#breadcrumb"},"inLanguage":"de","potentialAction":[{"@type":"ReadAction","target":["https:\/\/startyoursystem.com\/de\/faceless-ai-content-system\/"]}]},{"@type":"BreadcrumbList","@id":"https:\/\/startyoursystem.com\/de\/faceless-ai-content-system\/#breadcrumb","itemListElement":[{"@type":"ListItem","position":1,"name":"Home","item":"https:\/\/startyoursystem.com\/de\/"},{"@type":"ListItem","position":2,"name":"Faceless AI Content"}]},{"@type":"WebSite","@id":"https:\/\/startyoursystem.com\/de\/#website","url":"https:\/\/startyoursystem.com\/de\/","name":"","description":"","potentialAction":[{"@type":"SearchAction","target":{"@type":"EntryPoint","urlTemplate":"https:\/\/startyoursystem.com\/de\/?s={search_term_string}"},"query-input":{"@type":"PropertyValueSpecification","valueRequired":true,"valueName":"search_term_string"}}],"inLanguage":"de"}]}},"_links":{"self":[{"href":"https:\/\/startyoursystem.com\/de\/wp-json\/wp\/v2\/pages\/1050","targetHints":{"allow":["GET"]}}],"collection":[{"href":"https:\/\/startyoursystem.com\/de\/wp-json\/wp\/v2\/pages"}],"about":[{"href":"https:\/\/startyoursystem.com\/de\/wp-json\/wp\/v2\/types\/page"}],"author":[{"embeddable":true,"href":"https:\/\/startyoursystem.com\/de\/wp-json\/wp\/v2\/users\/1"}],"replies":[{"embeddable":true,"href":"https:\/\/startyoursystem.com\/de\/wp-json\/wp\/v2\/comments?post=1050"}],"version-history":[{"count":10,"href":"https:\/\/startyoursystem.com\/de\/wp-json\/wp\/v2\/pages\/1050\/revisions"}],"predecessor-version":[{"id":3325,"href":"https:\/\/startyoursystem.com\/de\/wp-json\/wp\/v2\/pages\/1050\/revisions\/3325"}],"wp:attachment":[{"href":"https:\/\/startyoursystem.com\/de\/wp-json\/wp\/v2\/media?parent=1050"}],"curies":[{"name":"wp","href":"https:\/\/api.w.org\/{rel}","templated":true}]}}